{"id":10444,"date":"2025-11-07T11:46:43","date_gmt":"2025-11-07T11:46:43","guid":{"rendered":"https:\/\/www.fsegura.com\/ofrecer-servicios\/"},"modified":"2026-03-12T15:20:44","modified_gmt":"2026-03-12T15:20:44","slug":"dienstleistungen-anbieten","status":"publish","type":"page","link":"https:\/\/www.fsegura.com\/de\/dienstleistungen-anbieten\/","title":{"rendered":"Mis productos o servicios &#8211; formulario DE"},"content":{"rendered":"\t\t<div data-elementor-type=\"wp-page\" data-elementor-id=\"10444\" class=\"elementor elementor-10444 elementor-6339\" data-elementor-post-type=\"page\">\n\t\t\t\t<div class=\"elementor-element elementor-element-0df828c e-flex e-con-boxed e-con e-parent\" data-id=\"0df828c\" data-element_type=\"container\" data-e-type=\"container\" id=\"hero\" data-settings=\"{&quot;background_background&quot;:&quot;gradient&quot;}\">\n\t\t\t\t\t<div class=\"e-con-inner\">\n\t\t<div class=\"elementor-element elementor-element-2ec3325 e-con-full e-flex e-con e-child\" data-id=\"2ec3325\" data-element_type=\"container\" data-e-type=\"container\">\n\t\t\t\t<div class=\"elementor-element elementor-element-6e21769 elementor-widget elementor-widget-heading\" data-id=\"6e21769\" data-element_type=\"widget\" data-e-type=\"widget\" data-widget_type=\"heading.default\">\n\t\t\t\t\t<h2 class=\"elementor-heading-title elementor-size-default\">Wie k\u00f6nnen wir Ihnen helfen?<\/h2>\t\t\t\t<\/div>\n\t\t\t\t<div class=\"elementor-element elementor-element-5414eae titular-br elementor-widget elementor-widget-text-editor\" data-id=\"5414eae\" data-element_type=\"widget\" data-e-type=\"widget\" data-widget_type=\"text-editor.default\">\n\t\t\t\t\t\t\t\t\t<p>Dienstleistungen anbieten<\/p>\t\t\t\t\t\t\t\t<\/div>\n\t\t\t\t<div class=\"elementor-element elementor-element-797fbae titular-br elementor-widget elementor-widget-text-editor\" data-id=\"797fbae\" data-element_type=\"widget\" data-e-type=\"widget\" data-widget_type=\"text-editor.default\">\n\t\t\t\t\t\t\t\t\t<p>Hinterlassen Sie uns Ihre Daten, indem Sie dieses Formular ausf\u00fcllen. Wir werden uns mit Ihnen in Verbindung setzen.<\/p>\t\t\t\t\t\t\t\t<\/div>\n\t\t\t\t<\/div>\n\t\t\t\t\t<\/div>\n\t\t\t\t<\/div>\n\t\t<div class=\"elementor-element elementor-element-b68691d ofertasempleo e-flex e-con-boxed e-con e-parent\" data-id=\"b68691d\" data-element_type=\"container\" data-e-type=\"container\" id=\"formulario\" data-settings=\"{&quot;background_background&quot;:&quot;classic&quot;}\">\n\t\t\t\t\t<div class=\"e-con-inner\">\n\t\t\t\t<div class=\"elementor-element elementor-element-1b9146b elementor-widget__width-inherit elementor-widget elementor-widget-aixor-contact-contactform\" data-id=\"1b9146b\" data-element_type=\"widget\" data-e-type=\"widget\" data-widget_type=\"aixor-contact-contactform.default\">\n\t\t\t\t<div class=\"elementor-widget-container\">\n\t\t\t\t\t        <!-- ===== Contact Start ===== -->\n        <div class=\"contact-sec-2\">\n            <div class=\"custom-container\">\n                \n<div class=\"wpcf7 no-js\" id=\"wpcf7-f13239-o1\" lang=\"de-DE\" dir=\"ltr\" data-wpcf7-id=\"13239\">\n<div class=\"screen-reader-response\"><p role=\"status\" aria-live=\"polite\" aria-atomic=\"true\"><\/p> <ul><\/ul><\/div>\n<form action=\"\/de\/wp-json\/wp\/v2\/pages\/10444#wpcf7-f13239-o1\" method=\"post\" class=\"wpcf7-form init\" aria-label=\"Kontaktformular\" novalidate=\"novalidate\" data-status=\"init\">\n<fieldset class=\"hidden-fields-container\"><input type=\"hidden\" name=\"_wpcf7\" value=\"13239\" \/><input type=\"hidden\" name=\"_wpcf7_version\" value=\"6.1.5\" \/><input type=\"hidden\" name=\"_wpcf7_locale\" value=\"de_DE\" \/><input type=\"hidden\" name=\"_wpcf7_unit_tag\" value=\"wpcf7-f13239-o1\" \/><input type=\"hidden\" name=\"_wpcf7_container_post\" value=\"0\" \/><input type=\"hidden\" name=\"_wpcf7_posted_data_hash\" value=\"\" \/>\n<\/fieldset>\n<p>Abteilung, mit der Sie Kontakt aufnehmen m\u00f6chten (*)\n<\/p>\n<p><span class=\"wpcf7-form-control-wrap\" data-name=\"departamento\"><select class=\"wpcf7-form-control wpcf7-select wpcf7-validates-as-required -- Seleccionar\" aria-required=\"true\" aria-invalid=\"false\" name=\"departamento\"><option value=\"Einkauf\">Einkauf<\/option><option value=\"Produktion\">Produktion<\/option><option value=\"Personalwesen\">Personalwesen<\/option><option value=\"Logistik\">Logistik<\/option><option value=\"Marketing\">Marketing<\/option><option value=\"Sonstiges\">Sonstiges<\/option><\/select><\/span>\n<\/p>\n<p class=\"nombre\">Name (*)\n<\/p>\n<p><span class=\"wpcf7-form-control-wrap\" data-name=\"Nombre\"><input size=\"40\" maxlength=\"400\" class=\"wpcf7-form-control wpcf7-text wpcf7-validates-as-required\" aria-required=\"true\" aria-invalid=\"false\" value=\"\" type=\"text\" name=\"Nombre\" \/><\/span>\n<\/p>\n<p> Nachnamen(*)\n<\/p>\n<p><span class=\"wpcf7-form-control-wrap\" data-name=\"Apellidos\"><input size=\"40\" maxlength=\"400\" class=\"wpcf7-form-control wpcf7-text wpcf7-validates-as-required\" aria-required=\"true\" aria-invalid=\"false\" value=\"\" type=\"text\" name=\"Apellidos\" \/><\/span>\n<\/p>\n<p class=\"email\">E-Mail (*)\n<\/p>\n<p><span class=\"wpcf7-form-control-wrap\" data-name=\"email\"><input size=\"40\" maxlength=\"400\" class=\"wpcf7-form-control wpcf7-email wpcf7-validates-as-required wpcf7-text wpcf7-validates-as-email\" aria-required=\"true\" aria-invalid=\"false\" value=\"\" type=\"email\" name=\"email\" \/><\/span>\n<\/p>\n<p class=\"telefono\">Telefon (*)\n<\/p>\n<p><span class=\"wpcf7-form-control-wrap\" data-name=\"telefono\"><input size=\"40\" maxlength=\"400\" class=\"wpcf7-form-control wpcf7-tel wpcf7-validates-as-required wpcf7-text wpcf7-validates-as-tel\" aria-required=\"true\" aria-invalid=\"false\" value=\"\" type=\"tel\" name=\"telefono\" \/><\/span>\n<\/p>\n<p>Was bieten Sie an? (*)\n<\/p>\n<p><span class=\"wpcf7-form-control-wrap\" data-name=\"ofreces\"><textarea cols=\"40\" rows=\"10\" maxlength=\"2000\" class=\"wpcf7-form-control wpcf7-textarea wpcf7-validates-as-required\" aria-required=\"true\" aria-invalid=\"false\" name=\"ofreces\"><\/textarea><\/span>\n<\/p>\n<p>(*) Pflichtfelder\n<\/p>\n<p><br \/>\n<span class=\"wpcf7-form-control-wrap\" data-name=\"legal\"><span class=\"wpcf7-form-control wpcf7-acceptance\"><span class=\"wpcf7-list-item\"><label><input type=\"checkbox\" name=\"legal\" value=\"1\" aria-invalid=\"false\" \/><span class=\"wpcf7-list-item-label\">Ich akzeptiere die  <a href=\"https:\/\/www.fsegura.com\/de\/datenschutzerklarung\/\" style=\"color:#006db7; font-size:15px;\">Datenschutzerkl\u00e4rung<\/a>.<\/span><\/label><\/span><\/span><\/span>\n<\/p>\n<p><input class=\"wpcf7-form-control wpcf7-submit has-spinner\" type=\"submit\" value=\"Senden\" \/>\n<\/p><p style=\"display: none !important;\" class=\"akismet-fields-container\" data-prefix=\"_wpcf7_ak_\"><label>&#916;<textarea name=\"_wpcf7_ak_hp_textarea\" cols=\"45\" rows=\"8\" maxlength=\"100\"><\/textarea><\/label><input type=\"hidden\" id=\"ak_js_1\" name=\"_wpcf7_ak_js\" value=\"156\"\/><script>\ndocument.getElementById( \"ak_js_1\" ).setAttribute( \"value\", ( new Date() ).getTime() );\n<\/script>\n<\/p><div class=\"wpcf7-response-output\" aria-hidden=\"true\"><\/div>\n<\/form>\n<\/div>\n\n            <\/div>\n        <\/div>\n        <!-- ===== Contact End ===== -->\n        \t\t\t\t<\/div>\n\t\t\t\t<\/div>\n\t\t\t\t\t<\/div>\n\t\t\t\t<\/div>\n\t\t\t\t<\/div>\n\t\t","protected":false},"excerpt":{"rendered":"<p>Wie k\u00f6nnen wir Ihnen helfen? Dienstleistungen anbieten Hinterlassen Sie uns Ihre Daten, indem Sie dieses Formular ausf\u00fcllen. Wir werden uns mit Ihnen in Verbindung setzen. Abteilung, mit der Sie Kontakt aufnehmen m\u00f6chten (*) EinkaufProduktionPersonalwesenLogistikMarketingSonstiges Name (*) Nachnamen(*) E-Mail (*) Telefon (*) Was bieten Sie an? (*) (*) Pflichtfelder Ich akzeptiere die Datenschutzerkl\u00e4rung.<\/p>\n","protected":false},"author":1,"featured_media":10352,"parent":0,"menu_order":0,"comment_status":"closed","ping_status":"closed","template":"page-templates\/home.php","meta":{"_acf_changed":false,"_eb_attr":"","footnotes":""},"class_list":["post-10444","page","type-page","status-publish","has-post-thumbnail","hentry"],"acf":[],"yoast_head":"<!-- This site is optimized with the Yoast SEO plugin v27.4 - https:\/\/yoast.com\/product\/yoast-seo-wordpress\/ -->\n<title>Ofrece tus productos o servicios a Grupo SegBieten Sie Ihre Produkte oder Dienstleistungen der Grupo Segura anura<\/title>\n<meta name=\"description\" content=\"Completa el formulario con tus datos de contacto y ofrece tus productos y servicios a Grupo Segura.F\u00fcllen Sie das Formular mit Ihren Kontaktdaten aus und bieten Sie Ihre Produkte und Dienstleistungen der Grupo Segura an.\" \/>\n<meta name=\"robots\" content=\"index, follow, max-snippet:-1, max-image-preview:large, max-video-preview:-1\" \/>\n<link rel=\"canonical\" href=\"https:\/\/www.fsegura.com\/de\/dienstleistungen-anbieten\/\" \/>\n<meta property=\"og:locale\" content=\"de_DE\" \/>\n<meta property=\"og:type\" content=\"article\" \/>\n<meta property=\"og:title\" content=\"Ofrece tus productos o servicios a Grupo SegBieten Sie Ihre Produkte oder Dienstleistungen der Grupo Segura anura\" \/>\n<meta property=\"og:description\" content=\"Completa el formulario con tus datos de contacto y ofrece tus productos y servicios a Grupo Segura.F\u00fcllen Sie das Formular mit Ihren Kontaktdaten aus und bieten Sie Ihre Produkte und Dienstleistungen der Grupo Segura an.\" \/>\n<meta property=\"og:url\" content=\"https:\/\/www.fsegura.com\/de\/dienstleistungen-anbieten\/\" \/>\n<meta property=\"og:site_name\" content=\"Grupo Segura\" \/>\n<meta property=\"article:modified_time\" content=\"2026-03-12T15:20:44+00:00\" \/>\n<meta property=\"og:image\" content=\"https:\/\/www.fsegura.com\/wp-content\/uploads\/2025\/10\/paterna-oficinas-02-1.jpg\" \/>\n\t<meta property=\"og:image:width\" content=\"609\" \/>\n\t<meta property=\"og:image:height\" content=\"455\" \/>\n\t<meta property=\"og:image:type\" content=\"image\/jpeg\" \/>\n<meta name=\"twitter:card\" content=\"summary_large_image\" \/>\n<meta name=\"twitter:label1\" content=\"Gesch\u00e4tzte Lesezeit\" \/>\n\t<meta name=\"twitter:data1\" content=\"1\u00a0Minute\" \/>\n<script type=\"application\/ld+json\" class=\"yoast-schema-graph\">{\"@context\":\"https:\\\/\\\/schema.org\",\"@graph\":[{\"@type\":\"WebPage\",\"@id\":\"https:\\\/\\\/www.fsegura.com\\\/de\\\/dienstleistungen-anbieten\\\/\",\"url\":\"https:\\\/\\\/www.fsegura.com\\\/de\\\/dienstleistungen-anbieten\\\/\",\"name\":\"Ofrece tus productos o servicios a Grupo SegBieten Sie Ihre Produkte oder Dienstleistungen der Grupo Segura anura\",\"isPartOf\":{\"@id\":\"https:\\\/\\\/www.fsegura.com\\\/de\\\/#website\"},\"primaryImageOfPage\":{\"@id\":\"https:\\\/\\\/www.fsegura.com\\\/de\\\/dienstleistungen-anbieten\\\/#primaryimage\"},\"image\":{\"@id\":\"https:\\\/\\\/www.fsegura.com\\\/de\\\/dienstleistungen-anbieten\\\/#primaryimage\"},\"thumbnailUrl\":\"https:\\\/\\\/www.fsegura.com\\\/wp-content\\\/uploads\\\/2025\\\/10\\\/paterna-oficinas-02-1.jpg\",\"datePublished\":\"2025-11-07T11:46:43+00:00\",\"dateModified\":\"2026-03-12T15:20:44+00:00\",\"description\":\"Completa el formulario con tus datos de contacto y ofrece tus productos y servicios a Grupo Segura.F\u00fcllen Sie das Formular mit Ihren Kontaktdaten aus und bieten Sie Ihre Produkte und Dienstleistungen der Grupo Segura an.\",\"breadcrumb\":{\"@id\":\"https:\\\/\\\/www.fsegura.com\\\/de\\\/dienstleistungen-anbieten\\\/#breadcrumb\"},\"inLanguage\":\"de\",\"potentialAction\":[{\"@type\":\"ReadAction\",\"target\":[\"https:\\\/\\\/www.fsegura.com\\\/de\\\/dienstleistungen-anbieten\\\/\"]}]},{\"@type\":\"ImageObject\",\"inLanguage\":\"de\",\"@id\":\"https:\\\/\\\/www.fsegura.com\\\/de\\\/dienstleistungen-anbieten\\\/#primaryimage\",\"url\":\"https:\\\/\\\/www.fsegura.com\\\/wp-content\\\/uploads\\\/2025\\\/10\\\/paterna-oficinas-02-1.jpg\",\"contentUrl\":\"https:\\\/\\\/www.fsegura.com\\\/wp-content\\\/uploads\\\/2025\\\/10\\\/paterna-oficinas-02-1.jpg\",\"width\":609,\"height\":455,\"caption\":\"paterna\"},{\"@type\":\"BreadcrumbList\",\"@id\":\"https:\\\/\\\/www.fsegura.com\\\/de\\\/dienstleistungen-anbieten\\\/#breadcrumb\",\"itemListElement\":[{\"@type\":\"ListItem\",\"position\":1,\"name\":\"Portada\",\"item\":\"https:\\\/\\\/www.fsegura.com\\\/de\\\/\"},{\"@type\":\"ListItem\",\"position\":2,\"name\":\"Mis productos o servicios &#8211; formulario DE\"}]},{\"@type\":\"WebSite\",\"@id\":\"https:\\\/\\\/www.fsegura.com\\\/de\\\/#website\",\"url\":\"https:\\\/\\\/www.fsegura.com\\\/de\\\/\",\"name\":\"Grupo Segura\",\"description\":\"Partner global para componentes de la automoci\u00f3n\",\"publisher\":{\"@id\":\"https:\\\/\\\/www.fsegura.com\\\/de\\\/#organization\"},\"potentialAction\":[{\"@type\":\"SearchAction\",\"target\":{\"@type\":\"EntryPoint\",\"urlTemplate\":\"https:\\\/\\\/www.fsegura.com\\\/de\\\/?s={search_term_string}\"},\"query-input\":{\"@type\":\"PropertyValueSpecification\",\"valueRequired\":true,\"valueName\":\"search_term_string\"}}],\"inLanguage\":\"de\"},{\"@type\":\"Organization\",\"@id\":\"https:\\\/\\\/www.fsegura.com\\\/de\\\/#organization\",\"name\":\"Grupo Segura\",\"url\":\"https:\\\/\\\/www.fsegura.com\\\/de\\\/\",\"logo\":{\"@type\":\"ImageObject\",\"inLanguage\":\"de\",\"@id\":\"https:\\\/\\\/www.fsegura.com\\\/de\\\/#\\\/schema\\\/logo\\\/image\\\/\",\"url\":\"https:\\\/\\\/www.fsegura.com\\\/wp-content\\\/uploads\\\/2025\\\/09\\\/grupo-segura.jpg\",\"contentUrl\":\"https:\\\/\\\/www.fsegura.com\\\/wp-content\\\/uploads\\\/2025\\\/09\\\/grupo-segura.jpg\",\"width\":458,\"height\":136,\"caption\":\"Grupo Segura\"},\"image\":{\"@id\":\"https:\\\/\\\/www.fsegura.com\\\/de\\\/#\\\/schema\\\/logo\\\/image\\\/\"}}]}<\/script>\n<!-- \/ Yoast SEO plugin. -->","yoast_head_json":{"title":"Ofrece tus productos o servicios a Grupo SegBieten Sie Ihre Produkte oder Dienstleistungen der Grupo Segura anura","description":"Completa el formulario con tus datos de contacto y ofrece tus productos y servicios a Grupo Segura.F\u00fcllen Sie das Formular mit Ihren Kontaktdaten aus und bieten Sie Ihre Produkte und Dienstleistungen der Grupo Segura an.","robots":{"index":"index","follow":"follow","max-snippet":"max-snippet:-1","max-image-preview":"max-image-preview:large","max-video-preview":"max-video-preview:-1"},"canonical":"https:\/\/www.fsegura.com\/de\/dienstleistungen-anbieten\/","og_locale":"de_DE","og_type":"article","og_title":"Ofrece tus productos o servicios a Grupo SegBieten Sie Ihre Produkte oder Dienstleistungen der Grupo Segura anura","og_description":"Completa el formulario con tus datos de contacto y ofrece tus productos y servicios a Grupo Segura.F\u00fcllen Sie das Formular mit Ihren Kontaktdaten aus und bieten Sie Ihre Produkte und Dienstleistungen der Grupo Segura an.","og_url":"https:\/\/www.fsegura.com\/de\/dienstleistungen-anbieten\/","og_site_name":"Grupo Segura","article_modified_time":"2026-03-12T15:20:44+00:00","og_image":[{"width":609,"height":455,"url":"https:\/\/www.fsegura.com\/wp-content\/uploads\/2025\/10\/paterna-oficinas-02-1.jpg","type":"image\/jpeg"}],"twitter_card":"summary_large_image","twitter_misc":{"Gesch\u00e4tzte Lesezeit":"1\u00a0Minute"},"schema":{"@context":"https:\/\/schema.org","@graph":[{"@type":"WebPage","@id":"https:\/\/www.fsegura.com\/de\/dienstleistungen-anbieten\/","url":"https:\/\/www.fsegura.com\/de\/dienstleistungen-anbieten\/","name":"Ofrece tus productos o servicios a Grupo SegBieten Sie Ihre Produkte oder Dienstleistungen der Grupo Segura anura","isPartOf":{"@id":"https:\/\/www.fsegura.com\/de\/#website"},"primaryImageOfPage":{"@id":"https:\/\/www.fsegura.com\/de\/dienstleistungen-anbieten\/#primaryimage"},"image":{"@id":"https:\/\/www.fsegura.com\/de\/dienstleistungen-anbieten\/#primaryimage"},"thumbnailUrl":"https:\/\/www.fsegura.com\/wp-content\/uploads\/2025\/10\/paterna-oficinas-02-1.jpg","datePublished":"2025-11-07T11:46:43+00:00","dateModified":"2026-03-12T15:20:44+00:00","description":"Completa el formulario con tus datos de contacto y ofrece tus productos y servicios a Grupo Segura.F\u00fcllen Sie das Formular mit Ihren Kontaktdaten aus und bieten Sie Ihre Produkte und Dienstleistungen der Grupo Segura an.","breadcrumb":{"@id":"https:\/\/www.fsegura.com\/de\/dienstleistungen-anbieten\/#breadcrumb"},"inLanguage":"de","potentialAction":[{"@type":"ReadAction","target":["https:\/\/www.fsegura.com\/de\/dienstleistungen-anbieten\/"]}]},{"@type":"ImageObject","inLanguage":"de","@id":"https:\/\/www.fsegura.com\/de\/dienstleistungen-anbieten\/#primaryimage","url":"https:\/\/www.fsegura.com\/wp-content\/uploads\/2025\/10\/paterna-oficinas-02-1.jpg","contentUrl":"https:\/\/www.fsegura.com\/wp-content\/uploads\/2025\/10\/paterna-oficinas-02-1.jpg","width":609,"height":455,"caption":"paterna"},{"@type":"BreadcrumbList","@id":"https:\/\/www.fsegura.com\/de\/dienstleistungen-anbieten\/#breadcrumb","itemListElement":[{"@type":"ListItem","position":1,"name":"Portada","item":"https:\/\/www.fsegura.com\/de\/"},{"@type":"ListItem","position":2,"name":"Mis productos o servicios &#8211; formulario DE"}]},{"@type":"WebSite","@id":"https:\/\/www.fsegura.com\/de\/#website","url":"https:\/\/www.fsegura.com\/de\/","name":"Grupo Segura","description":"Partner global para componentes de la automoci\u00f3n","publisher":{"@id":"https:\/\/www.fsegura.com\/de\/#organization"},"potentialAction":[{"@type":"SearchAction","target":{"@type":"EntryPoint","urlTemplate":"https:\/\/www.fsegura.com\/de\/?s={search_term_string}"},"query-input":{"@type":"PropertyValueSpecification","valueRequired":true,"valueName":"search_term_string"}}],"inLanguage":"de"},{"@type":"Organization","@id":"https:\/\/www.fsegura.com\/de\/#organization","name":"Grupo Segura","url":"https:\/\/www.fsegura.com\/de\/","logo":{"@type":"ImageObject","inLanguage":"de","@id":"https:\/\/www.fsegura.com\/de\/#\/schema\/logo\/image\/","url":"https:\/\/www.fsegura.com\/wp-content\/uploads\/2025\/09\/grupo-segura.jpg","contentUrl":"https:\/\/www.fsegura.com\/wp-content\/uploads\/2025\/09\/grupo-segura.jpg","width":458,"height":136,"caption":"Grupo Segura"},"image":{"@id":"https:\/\/www.fsegura.com\/de\/#\/schema\/logo\/image\/"}}]}},"_links":{"self":[{"href":"https:\/\/www.fsegura.com\/de\/wp-json\/wp\/v2\/pages\/10444","targetHints":{"allow":["GET"]}}],"collection":[{"href":"https:\/\/www.fsegura.com\/de\/wp-json\/wp\/v2\/pages"}],"about":[{"href":"https:\/\/www.fsegura.com\/de\/wp-json\/wp\/v2\/types\/page"}],"author":[{"embeddable":true,"href":"https:\/\/www.fsegura.com\/de\/wp-json\/wp\/v2\/users\/1"}],"replies":[{"embeddable":true,"href":"https:\/\/www.fsegura.com\/de\/wp-json\/wp\/v2\/comments?post=10444"}],"version-history":[{"count":0,"href":"https:\/\/www.fsegura.com\/de\/wp-json\/wp\/v2\/pages\/10444\/revisions"}],"wp:featuredmedia":[{"embeddable":true,"href":"https:\/\/www.fsegura.com\/de\/wp-json\/wp\/v2\/media\/10352"}],"wp:attachment":[{"href":"https:\/\/www.fsegura.com\/de\/wp-json\/wp\/v2\/media?parent=10444"}],"curies":[{"name":"wp","href":"https:\/\/api.w.org\/{rel}","templated":true}]}}