{"id":10478,"date":"2025-11-07T12:02:17","date_gmt":"2025-11-07T12:02:17","guid":{"rendered":"https:\/\/www.fsegura.com\/trabaja-grupo-segura\/"},"modified":"2026-04-01T11:53:21","modified_gmt":"2026-04-01T11:53:21","slug":"arbeitet-gruppe-sicher","status":"publish","type":"page","link":"https:\/\/www.fsegura.com\/de\/arbeitet-gruppe-sicher\/","title":{"rendered":"Trabaja en Grupo Segura &#8211; buscador empleo DE"},"content":{"rendered":"\t\t<div data-elementor-type=\"wp-page\" data-elementor-id=\"10478\" class=\"elementor elementor-10478 elementor-6354\" data-elementor-post-type=\"page\">\n\t\t\t\t<div class=\"elementor-element elementor-element-0df828c e-flex e-con-boxed e-con e-parent\" data-id=\"0df828c\" data-element_type=\"container\" data-e-type=\"container\" id=\"hero\" data-settings=\"{&quot;background_background&quot;:&quot;gradient&quot;,&quot;position&quot;:&quot;fixed&quot;}\">\n\t\t\t\t\t<div class=\"e-con-inner\">\n\t\t<div class=\"elementor-element elementor-element-2ec3325 e-con-full e-flex e-con e-child\" data-id=\"2ec3325\" data-element_type=\"container\" data-e-type=\"container\">\n\t\t\t\t<div class=\"elementor-element elementor-element-6e21769 elementor-widget elementor-widget-heading\" data-id=\"6e21769\" data-element_type=\"widget\" data-e-type=\"widget\" data-widget_type=\"heading.default\">\n\t\t\t\t\t<h2 class=\"elementor-heading-title elementor-size-default\"><a href=\"https:\/\/www.fsegura.com\/trabaja-grupo-segura\/\">Arbeiten Sie bei Grupo Segura<\/a><\/h2>\t\t\t\t<\/div>\n\t\t\t\t<div class=\"elementor-element elementor-element-2dcac51 elementor-widget elementor-widget-heading\" data-id=\"2dcac51\" data-element_type=\"widget\" data-e-type=\"widget\" data-widget_type=\"heading.default\">\n\t\t\t\t\t<h1 class=\"elementor-heading-title elementor-size-default\">Gro\u00dfartige M\u00f6glichkeiten f\u00fcr deine pers\u00f6nliche und berufliche Entwicklung<\/h1>\t\t\t\t<\/div>\n\t\t\t\t<div class=\"elementor-element elementor-element-797fbae titular-br elementor-widget elementor-widget-text-editor\" data-id=\"797fbae\" data-element_type=\"widget\" data-e-type=\"widget\" data-widget_type=\"text-editor.default\">\n\t\t\t\t\t\t\t\t\t<p>Werden Sie Teil eines vielf\u00e4ltigen, weltweit t\u00e4tigen Unternehmens, das sich der kontinuierlichen Verbesserung verschrieben hat und innovative L\u00f6sungen f\u00fcr die wettbewerbsintensive und anspruchsvolle Automobilbranche entwickelt.<\/p>\t\t\t\t\t\t\t\t<\/div>\n\t\t\t\t<\/div>\n\t\t<div class=\"elementor-element elementor-element-e12498d e-con-full e-flex e-con e-child\" data-id=\"e12498d\" data-element_type=\"container\" data-e-type=\"container\">\n\t\t\t\t<div class=\"elementor-element elementor-element-d4624f2 elementor-widget elementor-widget-heading\" data-id=\"d4624f2\" data-element_type=\"widget\" data-e-type=\"widget\" data-widget_type=\"heading.default\">\n\t\t\t\t\t<h2 class=\"elementor-heading-title elementor-size-default\">Aktuelle Stellenangebote<\/h2>\t\t\t\t<\/div>\n\t\t\t\t<div class=\"elementor-element elementor-element-98af8f1 elementor-widget__width-inherit elementor-widget elementor-widget-shortcode\" data-id=\"98af8f1\" data-element_type=\"widget\" data-e-type=\"widget\" data-widget_type=\"shortcode.default\">\n\t\t\t\t\t\t\t<div class=\"elementor-shortcode\"><form role=\"search\" method=\"get\" class=\"search-form\" action=\"https:\/\/www.fsegura.com\/de\/trabaja-grupo-segura\/\">\n                     <div class=\"buscador\">\n                        <div class=\"item-buscador\">\n                            <select aria-invalid=\"false\" class=\"wpcf7-form-control wpcf7-select obligatorio\" name=\"pais\" id=\"pais\"><option value=\"\"> Land<\/option> <option value=\"ES\" >Spanien<\/option> <option value=\"DE\" >Deutschland<\/option> <option value=\"HU\" >Ungarn<\/option> <\/select>\n                        <\/div>\n                        <div class=\"item-buscador\">\n\t\t\t\t\t\t     <select aria-invalid=\"false\" class=\"wpcf7-form-control wpcf7-select obligatorio\" name=\"planta\" id=\"planta\"><option value=\"\"> Fabrik<\/option> <option value=\"Paterna Headquarters\" >Paterna Headquarters<\/option> <option value=\"Almussafes\" >Almussafes<\/option> <option value=\"Vigo\" >Vigo<\/option> <option value=\"Eisenach\" >Eisenach<\/option> <option value=\"Treuenbrietzen\" >Treuenbrietzen<\/option> <option value=\"Szolnok\" >Szolnok<\/option> <\/select>\n                        <\/div>\n                        <div class=\"boton-buscar\">\n                            <button type=\"submit\" class=\"\">Angebot suchen<\/button>\n                        <\/div>\n                        <\/div>\n                     <\/form><\/div>\n\t\t\t\t\t\t<\/div>\n\t\t\t\t<\/div>\n\t\t\t\t\t<\/div>\n\t\t\t\t<\/div>\n\t\t<div class=\"elementor-element elementor-element-28de844 e-con-full e-flex e-con e-parent\" data-id=\"28de844\" data-element_type=\"container\" data-e-type=\"container\" data-settings=\"{&quot;background_background&quot;:&quot;classic&quot;}\">\n\t\t<div class=\"elementor-element elementor-element-8dea4c7 e-con-full elementor-hidden-tablet elementor-hidden-mobile e-flex e-con e-child\" data-id=\"8dea4c7\" data-element_type=\"container\" data-e-type=\"container\">\n\t\t\t\t<div class=\"elementor-element elementor-element-76fce73 elementor-widget elementor-widget-image\" data-id=\"76fce73\" data-element_type=\"widget\" data-e-type=\"widget\" data-widget_type=\"image.default\">\n\t\t\t\t\t\t\t\t\t\t\t\t\t\t\t<img fetchpriority=\"high\" decoding=\"async\" width=\"887\" height=\"900\" src=\"https:\/\/www.fsegura.com\/wp-content\/uploads\/2025\/11\/ofertas-empleo.jpg\" class=\"attachment-full size-full wp-image-10479\" alt=\"ofertas\" srcset=\"https:\/\/www.fsegura.com\/wp-content\/uploads\/2025\/11\/ofertas-empleo.jpg 887w, https:\/\/www.fsegura.com\/wp-content\/uploads\/2025\/11\/ofertas-empleo-296x300.jpg 296w, https:\/\/www.fsegura.com\/wp-content\/uploads\/2025\/11\/ofertas-empleo-768x779.jpg 768w, https:\/\/www.fsegura.com\/wp-content\/uploads\/2025\/11\/ofertas-empleo-80x80.jpg 80w, https:\/\/www.fsegura.com\/wp-content\/uploads\/2025\/11\/ofertas-empleo-258x262.jpg 258w, https:\/\/www.fsegura.com\/wp-content\/uploads\/2025\/11\/ofertas-empleo-394x400.jpg 394w\" sizes=\"(max-width: 887px) 100vw, 887px\" \/>\t\t\t\t\t\t\t\t\t\t\t\t\t\t\t<\/div>\n\t\t\t\t<\/div>\n\t\t<div class=\"elementor-element elementor-element-0732ceb e-con-full e-flex e-con e-child\" data-id=\"0732ceb\" data-element_type=\"container\" data-e-type=\"container\">\n\t\t\t\t<div class=\"elementor-element elementor-element-c1721a5 elementor-widget__width-inherit elementor-widget elementor-widget-shortcode\" data-id=\"c1721a5\" data-element_type=\"widget\" data-e-type=\"widget\" data-widget_type=\"shortcode.default\">\n\t\t\t\t\t\t\t<div class=\"elementor-shortcode\"><div class=\"container-ofertas\">\r\n\t\t\t\t<ul class=\"container-inner flex-container space-between\">\r\n\t\t\t\t\t<a href=\"https:\/\/www.fsegura.com\/de\/jobangebot\/responsable-de-mantenimiento-\/\">\r\n\t\t\t\t\t<li class=\"item-list flex-item\">\r\n\t\t\t\t\t     <div class=\"tit-planta-list item-list\">\r\n                                Almussafes\r\n                         <\/div>\r\n\t\t\t\t\t\t<div class=\"tit-oferta-list item-list\"><\/div>\r\n\t\t\t\t\t\t<div class=\"resumen-oferta-list\"><\/div>\r\n\t\t\t\t\t<\/li>\r\n\t\t\t\t\t<\/a>\r\n\t\t\t\t<\/ul>\r\n\t\t\t\t<ul class=\"container-inner flex-container space-between\">\r\n\t\t\t\t\t<a href=\"https:\/\/www.fsegura.com\/de\/jobangebot\/ingeniero-a-de-procesos-lanzamiento-y-utillajes-de-estampacion-\/\">\r\n\t\t\t\t\t<li class=\"item-list flex-item\">\r\n\t\t\t\t\t     <div class=\"tit-planta-list item-list\">\r\n                                Paterna Headquarters\r\n                         <\/div>\r\n\t\t\t\t\t\t<div class=\"tit-oferta-list item-list\">Process Engineer \u2013 Launch and Stamping Tooling<\/div>\r\n\t\t\t\t\t\t<div class=\"resumen-oferta-list\">We have a permanent vacancy for a Process Engineer specialising in product launches and stamping tooling, to join our offices in Paterna. MISSION We are looking for someone who wants to be part of rea...<\/div>\r\n\t\t\t\t\t<\/li>\r\n\t\t\t\t\t<\/a>\r\n\t\t\t\t<\/ul>\r\n\t\t\t\t<ul class=\"container-inner flex-container space-between\">\r\n\t\t\t\t\t<a href=\"https:\/\/www.fsegura.com\/de\/jobangebot\/ingeniero-a-de-proyectos-con-aleman--1\/\">\r\n\t\t\t\t\t<li class=\"item-list flex-item\">\r\n\t\t\t\t\t     <div class=\"tit-planta-list item-list\">\r\n                                Paterna Headquarters\r\n                         <\/div>\r\n\t\t\t\t\t\t<div class=\"tit-oferta-list item-list\">Project Engineer <\/div>\r\n\t\t\t\t\t\t<div class=\"resumen-oferta-list\">SEGURA is an industrial group specialised in the design, development and industrialisation of metal parts and components for the automotive industry, mainly through stamping and welding processes. At...<\/div>\r\n\t\t\t\t\t<\/li>\r\n\t\t\t\t\t<\/a>\r\n\t\t\t\t<\/ul>\r\n\t\t\t\t<ul class=\"container-inner flex-container space-between\">\r\n\t\t\t\t\t<a href=\"https:\/\/www.fsegura.com\/de\/jobangebot\/ingeniero-a-de-proyectos--\/\">\r\n\t\t\t\t\t<li class=\"item-list flex-item\">\r\n\t\t\t\t\t     <div class=\"tit-planta-list item-list\">\r\n                                Paterna Headquarters\r\n                         <\/div>\r\n\t\t\t\t\t\t<div class=\"tit-oferta-list item-list\"> Project Engineer<\/div>\r\n\t\t\t\t\t\t<div class=\"resumen-oferta-list\">We are hiring for a permanent position as a Project Engineer at our offices in Paterna. MISSION Develop project plans and monitor their implementation in accordance with the quality, cost, and timelin...<\/div>\r\n\t\t\t\t\t<\/li>\r\n\t\t\t\t\t<\/a>\r\n\t\t\t\t<\/ul><\/div> <\/div>\n\t\t\t\t\t\t<\/div>\n\t\t\t\t<div class=\"elementor-element elementor-element-863470c elementor-widget-tablet__width-initial elementor-widget-mobile__width-inherit elementor-widget elementor-widget-heading\" data-id=\"863470c\" data-element_type=\"widget\" data-e-type=\"widget\" data-widget_type=\"heading.default\">\n\t\t\t\t\t<h3 class=\"elementor-heading-title elementor-size-default\">M\u00f6chten Sie Teil unseres Teams werden?<\/h3>\t\t\t\t<\/div>\n\t\t\t\t<div class=\"elementor-element elementor-element-73cbbd2 elementor-widget elementor-widget-text-editor\" data-id=\"73cbbd2\" data-element_type=\"widget\" data-e-type=\"widget\" data-widget_type=\"text-editor.default\">\n\t\t\t\t\t\t\t\t\t<p>Werden Sie Teil der Jobb\u00f6rse der Grupo Segura und senden Sie uns Ihren Lebenslauf.<\/p>\t\t\t\t\t\t\t\t<\/div>\n\t\t\t\t<div class=\"elementor-element elementor-element-0561ba2 elementor-align-left bot-icono-negro elementor-widget elementor-widget-button\" data-id=\"0561ba2\" data-element_type=\"widget\" data-e-type=\"widget\" data-widget_type=\"button.default\">\n\t\t\t\t\t\t\t\t\t\t<a class=\"elementor-button elementor-button-link elementor-size-sm\" href=\"https:\/\/www.fsegura.com\/de\/lebenslauf-senden\/\" target=\"_blank\">\n\t\t\t\t\t\t<span class=\"elementor-button-content-wrapper\">\n\t\t\t\t\t\t\t\t\t<span class=\"elementor-button-text\">Lebenslauf senden<\/span>\n\t\t\t\t\t<\/span>\n\t\t\t\t\t<\/a>\n\t\t\t\t\t\t\t\t<\/div>\n\t\t\t\t<\/div>\n\t\t\t\t<\/div>\n\t\t\t\t<\/div>\n\t\t","protected":false},"excerpt":{"rendered":"<p>Arbeiten Sie bei Grupo Segura Gro\u00dfartige M\u00f6glichkeiten f\u00fcr deine pers\u00f6nliche und berufliche Entwicklung Werden Sie Teil eines vielf\u00e4ltigen, weltweit t\u00e4tigen Unternehmens, das sich der kontinuierlichen Verbesserung verschrieben hat und innovative L\u00f6sungen f\u00fcr die wettbewerbsintensive und anspruchsvolle Automobilbranche entwickelt. Aktuelle Stellenangebote M\u00f6chten Sie Teil unseres Teams werden? Werden Sie Teil der Jobb\u00f6rse der Grupo Segura und [&hellip;]<\/p>\n","protected":false},"author":1,"featured_media":10352,"parent":0,"menu_order":0,"comment_status":"closed","ping_status":"closed","template":"page-templates\/home.php","meta":{"_acf_changed":false,"_eb_attr":"","footnotes":""},"class_list":["post-10478","page","type-page","status-publish","has-post-thumbnail","hentry"],"acf":[],"yoast_head":"<!-- This site is optimized with the Yoast SEO plugin v27.4 - https:\/\/yoast.com\/product\/yoast-seo-wordpress\/ -->\n<title>Arbeiten Sie bei Grupo Segura. Karrierechancen und berufliche Weiterentwicklung<\/title>\n<meta name=\"description\" content=\"Bringen Sie Ihre Karriere mit Weiterbildungen, pers\u00f6nlichen und beruflichen Entwicklungspl\u00e4nen in einem weltweit f\u00fchrenden Unternehmen der Automobilbranche voran.\" \/>\n<meta name=\"robots\" content=\"index, follow, max-snippet:-1, max-image-preview:large, max-video-preview:-1\" \/>\n<link rel=\"canonical\" href=\"https:\/\/www.fsegura.com\/de\/arbeitet-gruppe-sicher\/\" \/>\n<meta property=\"og:locale\" content=\"de_DE\" \/>\n<meta property=\"og:type\" content=\"article\" \/>\n<meta property=\"og:title\" content=\"Arbeiten Sie bei Grupo Segura. Karrierechancen und berufliche Weiterentwicklung\" \/>\n<meta property=\"og:description\" content=\"Bringen Sie Ihre Karriere mit Weiterbildungen, pers\u00f6nlichen und beruflichen Entwicklungspl\u00e4nen in einem weltweit f\u00fchrenden Unternehmen der Automobilbranche voran.\" \/>\n<meta property=\"og:url\" content=\"https:\/\/www.fsegura.com\/de\/arbeitet-gruppe-sicher\/\" \/>\n<meta property=\"og:site_name\" content=\"Grupo Segura\" \/>\n<meta property=\"article:modified_time\" content=\"2026-04-01T11:53:21+00:00\" \/>\n<meta property=\"og:image\" content=\"https:\/\/www.fsegura.com\/wp-content\/uploads\/2025\/10\/paterna-oficinas-02-1.jpg\" \/>\n\t<meta property=\"og:image:width\" content=\"609\" \/>\n\t<meta property=\"og:image:height\" content=\"455\" \/>\n\t<meta property=\"og:image:type\" content=\"image\/jpeg\" \/>\n<meta name=\"twitter:card\" content=\"summary_large_image\" \/>\n<meta name=\"twitter:label1\" content=\"Gesch\u00e4tzte Lesezeit\" \/>\n\t<meta name=\"twitter:data1\" content=\"1\u00a0Minute\" \/>\n<script type=\"application\/ld+json\" class=\"yoast-schema-graph\">{\"@context\":\"https:\\\/\\\/schema.org\",\"@graph\":[{\"@type\":\"WebPage\",\"@id\":\"https:\\\/\\\/www.fsegura.com\\\/de\\\/arbeitet-gruppe-sicher\\\/\",\"url\":\"https:\\\/\\\/www.fsegura.com\\\/de\\\/arbeitet-gruppe-sicher\\\/\",\"name\":\"Arbeiten Sie bei Grupo Segura. Karrierechancen und berufliche Weiterentwicklung\",\"isPartOf\":{\"@id\":\"https:\\\/\\\/www.fsegura.com\\\/de\\\/#website\"},\"primaryImageOfPage\":{\"@id\":\"https:\\\/\\\/www.fsegura.com\\\/de\\\/arbeitet-gruppe-sicher\\\/#primaryimage\"},\"image\":{\"@id\":\"https:\\\/\\\/www.fsegura.com\\\/de\\\/arbeitet-gruppe-sicher\\\/#primaryimage\"},\"thumbnailUrl\":\"https:\\\/\\\/www.fsegura.com\\\/wp-content\\\/uploads\\\/2025\\\/10\\\/paterna-oficinas-02-1.jpg\",\"datePublished\":\"2025-11-07T12:02:17+00:00\",\"dateModified\":\"2026-04-01T11:53:21+00:00\",\"description\":\"Bringen Sie Ihre Karriere mit Weiterbildungen, pers\u00f6nlichen und beruflichen Entwicklungspl\u00e4nen in einem weltweit f\u00fchrenden Unternehmen der Automobilbranche voran.\",\"breadcrumb\":{\"@id\":\"https:\\\/\\\/www.fsegura.com\\\/de\\\/arbeitet-gruppe-sicher\\\/#breadcrumb\"},\"inLanguage\":\"de\",\"potentialAction\":[{\"@type\":\"ReadAction\",\"target\":[\"https:\\\/\\\/www.fsegura.com\\\/de\\\/arbeitet-gruppe-sicher\\\/\"]}]},{\"@type\":\"ImageObject\",\"inLanguage\":\"de\",\"@id\":\"https:\\\/\\\/www.fsegura.com\\\/de\\\/arbeitet-gruppe-sicher\\\/#primaryimage\",\"url\":\"https:\\\/\\\/www.fsegura.com\\\/wp-content\\\/uploads\\\/2025\\\/10\\\/paterna-oficinas-02-1.jpg\",\"contentUrl\":\"https:\\\/\\\/www.fsegura.com\\\/wp-content\\\/uploads\\\/2025\\\/10\\\/paterna-oficinas-02-1.jpg\",\"width\":609,\"height\":455,\"caption\":\"paterna\"},{\"@type\":\"BreadcrumbList\",\"@id\":\"https:\\\/\\\/www.fsegura.com\\\/de\\\/arbeitet-gruppe-sicher\\\/#breadcrumb\",\"itemListElement\":[{\"@type\":\"ListItem\",\"position\":1,\"name\":\"Portada\",\"item\":\"https:\\\/\\\/www.fsegura.com\\\/de\\\/\"},{\"@type\":\"ListItem\",\"position\":2,\"name\":\"Trabaja en Grupo Segura &#8211; buscador empleo DE\"}]},{\"@type\":\"WebSite\",\"@id\":\"https:\\\/\\\/www.fsegura.com\\\/de\\\/#website\",\"url\":\"https:\\\/\\\/www.fsegura.com\\\/de\\\/\",\"name\":\"Grupo Segura\",\"description\":\"Partner global para componentes de la automoci\u00f3n\",\"publisher\":{\"@id\":\"https:\\\/\\\/www.fsegura.com\\\/de\\\/#organization\"},\"potentialAction\":[{\"@type\":\"SearchAction\",\"target\":{\"@type\":\"EntryPoint\",\"urlTemplate\":\"https:\\\/\\\/www.fsegura.com\\\/de\\\/?s={search_term_string}\"},\"query-input\":{\"@type\":\"PropertyValueSpecification\",\"valueRequired\":true,\"valueName\":\"search_term_string\"}}],\"inLanguage\":\"de\"},{\"@type\":\"Organization\",\"@id\":\"https:\\\/\\\/www.fsegura.com\\\/de\\\/#organization\",\"name\":\"Grupo Segura\",\"url\":\"https:\\\/\\\/www.fsegura.com\\\/de\\\/\",\"logo\":{\"@type\":\"ImageObject\",\"inLanguage\":\"de\",\"@id\":\"https:\\\/\\\/www.fsegura.com\\\/de\\\/#\\\/schema\\\/logo\\\/image\\\/\",\"url\":\"https:\\\/\\\/www.fsegura.com\\\/wp-content\\\/uploads\\\/2025\\\/09\\\/grupo-segura.jpg\",\"contentUrl\":\"https:\\\/\\\/www.fsegura.com\\\/wp-content\\\/uploads\\\/2025\\\/09\\\/grupo-segura.jpg\",\"width\":458,\"height\":136,\"caption\":\"Grupo Segura\"},\"image\":{\"@id\":\"https:\\\/\\\/www.fsegura.com\\\/de\\\/#\\\/schema\\\/logo\\\/image\\\/\"}}]}<\/script>\n<!-- \/ Yoast SEO plugin. -->","yoast_head_json":{"title":"Arbeiten Sie bei Grupo Segura. Karrierechancen und berufliche Weiterentwicklung","description":"Bringen Sie Ihre Karriere mit Weiterbildungen, pers\u00f6nlichen und beruflichen Entwicklungspl\u00e4nen in einem weltweit f\u00fchrenden Unternehmen der Automobilbranche voran.","robots":{"index":"index","follow":"follow","max-snippet":"max-snippet:-1","max-image-preview":"max-image-preview:large","max-video-preview":"max-video-preview:-1"},"canonical":"https:\/\/www.fsegura.com\/de\/arbeitet-gruppe-sicher\/","og_locale":"de_DE","og_type":"article","og_title":"Arbeiten Sie bei Grupo Segura. Karrierechancen und berufliche Weiterentwicklung","og_description":"Bringen Sie Ihre Karriere mit Weiterbildungen, pers\u00f6nlichen und beruflichen Entwicklungspl\u00e4nen in einem weltweit f\u00fchrenden Unternehmen der Automobilbranche voran.","og_url":"https:\/\/www.fsegura.com\/de\/arbeitet-gruppe-sicher\/","og_site_name":"Grupo Segura","article_modified_time":"2026-04-01T11:53:21+00:00","og_image":[{"width":609,"height":455,"url":"https:\/\/www.fsegura.com\/wp-content\/uploads\/2025\/10\/paterna-oficinas-02-1.jpg","type":"image\/jpeg"}],"twitter_card":"summary_large_image","twitter_misc":{"Gesch\u00e4tzte Lesezeit":"1\u00a0Minute"},"schema":{"@context":"https:\/\/schema.org","@graph":[{"@type":"WebPage","@id":"https:\/\/www.fsegura.com\/de\/arbeitet-gruppe-sicher\/","url":"https:\/\/www.fsegura.com\/de\/arbeitet-gruppe-sicher\/","name":"Arbeiten Sie bei Grupo Segura. Karrierechancen und berufliche Weiterentwicklung","isPartOf":{"@id":"https:\/\/www.fsegura.com\/de\/#website"},"primaryImageOfPage":{"@id":"https:\/\/www.fsegura.com\/de\/arbeitet-gruppe-sicher\/#primaryimage"},"image":{"@id":"https:\/\/www.fsegura.com\/de\/arbeitet-gruppe-sicher\/#primaryimage"},"thumbnailUrl":"https:\/\/www.fsegura.com\/wp-content\/uploads\/2025\/10\/paterna-oficinas-02-1.jpg","datePublished":"2025-11-07T12:02:17+00:00","dateModified":"2026-04-01T11:53:21+00:00","description":"Bringen Sie Ihre Karriere mit Weiterbildungen, pers\u00f6nlichen und beruflichen Entwicklungspl\u00e4nen in einem weltweit f\u00fchrenden Unternehmen der Automobilbranche voran.","breadcrumb":{"@id":"https:\/\/www.fsegura.com\/de\/arbeitet-gruppe-sicher\/#breadcrumb"},"inLanguage":"de","potentialAction":[{"@type":"ReadAction","target":["https:\/\/www.fsegura.com\/de\/arbeitet-gruppe-sicher\/"]}]},{"@type":"ImageObject","inLanguage":"de","@id":"https:\/\/www.fsegura.com\/de\/arbeitet-gruppe-sicher\/#primaryimage","url":"https:\/\/www.fsegura.com\/wp-content\/uploads\/2025\/10\/paterna-oficinas-02-1.jpg","contentUrl":"https:\/\/www.fsegura.com\/wp-content\/uploads\/2025\/10\/paterna-oficinas-02-1.jpg","width":609,"height":455,"caption":"paterna"},{"@type":"BreadcrumbList","@id":"https:\/\/www.fsegura.com\/de\/arbeitet-gruppe-sicher\/#breadcrumb","itemListElement":[{"@type":"ListItem","position":1,"name":"Portada","item":"https:\/\/www.fsegura.com\/de\/"},{"@type":"ListItem","position":2,"name":"Trabaja en Grupo Segura &#8211; buscador empleo DE"}]},{"@type":"WebSite","@id":"https:\/\/www.fsegura.com\/de\/#website","url":"https:\/\/www.fsegura.com\/de\/","name":"Grupo Segura","description":"Partner global para componentes de la automoci\u00f3n","publisher":{"@id":"https:\/\/www.fsegura.com\/de\/#organization"},"potentialAction":[{"@type":"SearchAction","target":{"@type":"EntryPoint","urlTemplate":"https:\/\/www.fsegura.com\/de\/?s={search_term_string}"},"query-input":{"@type":"PropertyValueSpecification","valueRequired":true,"valueName":"search_term_string"}}],"inLanguage":"de"},{"@type":"Organization","@id":"https:\/\/www.fsegura.com\/de\/#organization","name":"Grupo Segura","url":"https:\/\/www.fsegura.com\/de\/","logo":{"@type":"ImageObject","inLanguage":"de","@id":"https:\/\/www.fsegura.com\/de\/#\/schema\/logo\/image\/","url":"https:\/\/www.fsegura.com\/wp-content\/uploads\/2025\/09\/grupo-segura.jpg","contentUrl":"https:\/\/www.fsegura.com\/wp-content\/uploads\/2025\/09\/grupo-segura.jpg","width":458,"height":136,"caption":"Grupo Segura"},"image":{"@id":"https:\/\/www.fsegura.com\/de\/#\/schema\/logo\/image\/"}}]}},"_links":{"self":[{"href":"https:\/\/www.fsegura.com\/de\/wp-json\/wp\/v2\/pages\/10478","targetHints":{"allow":["GET"]}}],"collection":[{"href":"https:\/\/www.fsegura.com\/de\/wp-json\/wp\/v2\/pages"}],"about":[{"href":"https:\/\/www.fsegura.com\/de\/wp-json\/wp\/v2\/types\/page"}],"author":[{"embeddable":true,"href":"https:\/\/www.fsegura.com\/de\/wp-json\/wp\/v2\/users\/1"}],"replies":[{"embeddable":true,"href":"https:\/\/www.fsegura.com\/de\/wp-json\/wp\/v2\/comments?post=10478"}],"version-history":[{"count":1,"href":"https:\/\/www.fsegura.com\/de\/wp-json\/wp\/v2\/pages\/10478\/revisions"}],"predecessor-version":[{"id":13608,"href":"https:\/\/www.fsegura.com\/de\/wp-json\/wp\/v2\/pages\/10478\/revisions\/13608"}],"wp:featuredmedia":[{"embeddable":true,"href":"https:\/\/www.fsegura.com\/de\/wp-json\/wp\/v2\/media\/10352"}],"wp:attachment":[{"href":"https:\/\/www.fsegura.com\/de\/wp-json\/wp\/v2\/media?parent=10478"}],"curies":[{"name":"wp","href":"https:\/\/api.w.org\/{rel}","templated":true}]}}