{"id":12014,"date":"2026-02-23T15:14:44","date_gmt":"2026-02-23T15:14:44","guid":{"rendered":"https:\/\/www.fsegura.com\/?page_id=12014"},"modified":"2026-02-25T15:18:59","modified_gmt":"2026-02-25T15:18:59","slug":"lieferantenbereich","status":"publish","type":"page","link":"https:\/\/www.fsegura.com\/de\/lieferantenbereich\/","title":{"rendered":"\u00c1rea proveedores DE"},"content":{"rendered":"\t\t<div data-elementor-type=\"wp-page\" data-elementor-id=\"12014\" class=\"elementor elementor-12014 elementor-12011\" data-elementor-post-type=\"page\">\n\t\t\t\t<div class=\"elementor-element elementor-element-0df828c e-flex e-con-boxed e-con e-parent\" data-id=\"0df828c\" data-element_type=\"container\" data-e-type=\"container\" id=\"hero\" data-settings=\"{&quot;background_background&quot;:&quot;classic&quot;,&quot;position&quot;:&quot;fixed&quot;}\">\n\t\t\t\t\t<div class=\"e-con-inner\">\n\t\t\t\t\t<\/div>\n\t\t\t\t<\/div>\n\t\t<div class=\"elementor-element elementor-element-db96893 e-flex e-con-boxed e-con e-parent\" data-id=\"db96893\" data-element_type=\"container\" data-e-type=\"container\">\n\t\t\t\t\t<div class=\"e-con-inner\">\n\t\t\t\t<div class=\"elementor-element elementor-element-9623e13 elementor-widget elementor-widget-html\" data-id=\"9623e13\" data-element_type=\"widget\" data-e-type=\"widget\" data-widget_type=\"html.default\">\n\t\t\t\t\t<div class=\"fake-login\">\r\n\r\n  <h3 class=\"login-title\">Anmelden<\/h3>\r\n\r\n  <input type=\"text\" placeholder=\"Benutzername\" \/>\r\n\r\n  <input type=\"password\" placeholder=\"Passwort\" \/>\r\n\r\n  <div class=\"login-row\">\r\n    <div class=\"remember-block\">\r\n      <label>\r\n        <input type=\"checkbox\" \/>\r\n        Angemeldet bleiben\r\n      <\/label>\r\n    <\/div>\r\n\r\n    <div class=\"forgot-block\">\r\n      <a href=\"#\" class=\"forgot-link\">\r\n        Passwort vergessen?\r\n      <\/a>\r\n    <\/div>\r\n  <\/div>\r\n\r\n  <!-- Button ohne Weiterleitung, klein geschrieben -->\r\n  <a class=\"login-button\">\r\n    Anmelden\r\n  <\/a>\r\n\r\n<\/div>\r\n\r\n<style>\r\n.fake-login {\r\n  width: 600px;\r\n  margin: 60px auto;\r\n  padding: 40px;\r\n  border-radius: 30px;\r\n  background: #ffffff;\r\n  box-shadow: 0 10px 30px rgba(0,0,0,0.08);\r\n  display: flex;\r\n  flex-direction: column;\r\n}\r\n\r\n.login-title {\r\n  text-align: left;\r\n  font-weight: 700;\r\n  margin-bottom: 30px;\r\n  font-size: 24px;\r\n}\r\n\r\n.fake-login input[type=\"text\"],\r\n.fake-login input[type=\"password\"] {\r\n  width: 100%;\r\n  padding: 14px 18px;\r\n  margin-bottom: 18px;\r\n  border: 1px solid #ddd;\r\n  border-radius: 30px;\r\n  font-size: 15px;\r\n}\r\n\r\n.login-row {\r\n  display: flex;\r\n  justify-content: space-between;\r\n  align-items: center;\r\n  margin-bottom: 25px;\r\n}\r\n\r\n.remember-block {\r\n  font-size: 14px;\r\n}\r\n\r\n.forgot-link {\r\n  color: #2271b1;\r\n  text-decoration: underline;\r\n  font-size: 14px;\r\n}\r\n\r\n.forgot-link:hover {\r\n  color: #1d5f94;\r\n}\r\n\r\n\/* Benutzerdefinierter blauer Button *\/\r\n.login-button {\r\n  display: block;\r\n  text-align: center;\r\n  background-color: #205D9C;\r\n  font-family: \"Roboto\", Sans-serif;\r\n  font-size: 17px;\r\n  font-weight: 400;\r\n  color: #FFFFFF;\r\n  fill: #FFFFFF;\r\n  border-style: solid;\r\n  border-width: 1px;\r\n  border-radius: 30px;\r\n  padding: 17px 25px;\r\n  text-decoration: none;\r\n\r\n  cursor: pointer;\r\n  transition: 0.3s ease;\r\n}\r\n\r\n.login-button:hover {\r\n  background-color: #205D9C00;\r\n  color: #000000;\r\n  border-color: #000000;\r\n}\r\n\r\n\/* Responsiv: Formulare auf kleinen Bildschirmen *\/\r\n@media (max-width: 650px) {\r\n  .fake-login {\r\n    width: 100%;\r\n    padding: 30px 20px;\r\n  }\r\n\r\n  .login-row {\r\n    flex-direction: column;\r\n    align-items: flex-start;\r\n    gap: 10px;\r\n  }\r\n\r\n  .forgot-link {\r\n    margin-top: 5px;\r\n  }\r\n\r\n  .login-button {\r\n    width: 100%;\r\n  }\r\n}\r\n<\/style>\t\t\t\t<\/div>\n\t\t\t\t\t<\/div>\n\t\t\t\t<\/div>\n\t\t\t\t<\/div>\n\t\t","protected":false},"excerpt":{"rendered":"<p>Anmelden Angemeldet bleiben Passwort vergessen? Anmelden<\/p>\n","protected":false},"author":1,"featured_media":10357,"parent":0,"menu_order":0,"comment_status":"closed","ping_status":"closed","template":"page-templates\/home.php","meta":{"_acf_changed":false,"_eb_attr":"","footnotes":""},"class_list":["post-12014","page","type-page","status-publish","has-post-thumbnail","hentry"],"acf":[],"yoast_head":"<!-- This site is optimized with the Yoast SEO plugin v27.4 - https:\/\/yoast.com\/product\/yoast-seo-wordpress\/ -->\n<title>Segura Gruppe: Qualit\u00e4t und Nachhaltigkeit in den L\u00f6sungen der Zukunft<\/title>\n<meta name=\"description\" content=\"St\u00e4ndige Arbeit an den Automobill\u00f6sungen der Zukunft. Unser starkes Engagement f\u00fcr Qualit\u00e4t und Nachhaltigkeit garantiert ein erfolgreiches Projekt.\" \/>\n<meta name=\"robots\" content=\"index, follow, max-snippet:-1, max-image-preview:large, max-video-preview:-1\" \/>\n<link rel=\"canonical\" href=\"https:\/\/www.fsegura.com\/de\/lieferantenbereich\/\" \/>\n<meta property=\"og:locale\" content=\"de_DE\" \/>\n<meta property=\"og:type\" content=\"article\" \/>\n<meta property=\"og:title\" content=\"Segura Gruppe: Qualit\u00e4t und Nachhaltigkeit in den L\u00f6sungen der Zukunft\" \/>\n<meta property=\"og:description\" content=\"St\u00e4ndige Arbeit an den Automobill\u00f6sungen der Zukunft. Unser starkes Engagement f\u00fcr Qualit\u00e4t und Nachhaltigkeit garantiert ein erfolgreiches Projekt.\" \/>\n<meta property=\"og:url\" content=\"https:\/\/www.fsegura.com\/de\/lieferantenbereich\/\" \/>\n<meta property=\"og:site_name\" content=\"Grupo Segura\" \/>\n<meta property=\"article:modified_time\" content=\"2026-02-25T15:18:59+00:00\" \/>\n<meta property=\"og:image\" content=\"https:\/\/www.fsegura.com\/wp-content\/uploads\/2025\/10\/pieza-aluminio.jpg\" \/>\n\t<meta property=\"og:image:width\" content=\"402\" \/>\n\t<meta property=\"og:image:height\" content=\"400\" \/>\n\t<meta property=\"og:image:type\" content=\"image\/jpeg\" \/>\n<meta name=\"twitter:card\" content=\"summary_large_image\" \/>\n<meta name=\"twitter:label1\" content=\"Gesch\u00e4tzte Lesezeit\" \/>\n\t<meta name=\"twitter:data1\" content=\"1\u00a0Minute\" \/>\n<script type=\"application\/ld+json\" class=\"yoast-schema-graph\">{\"@context\":\"https:\\\/\\\/schema.org\",\"@graph\":[{\"@type\":\"WebPage\",\"@id\":\"https:\\\/\\\/www.fsegura.com\\\/de\\\/lieferantenbereich\\\/\",\"url\":\"https:\\\/\\\/www.fsegura.com\\\/de\\\/lieferantenbereich\\\/\",\"name\":\"Segura Gruppe: Qualit\u00e4t und Nachhaltigkeit in den L\u00f6sungen der Zukunft\",\"isPartOf\":{\"@id\":\"https:\\\/\\\/www.fsegura.com\\\/de\\\/#website\"},\"primaryImageOfPage\":{\"@id\":\"https:\\\/\\\/www.fsegura.com\\\/de\\\/lieferantenbereich\\\/#primaryimage\"},\"image\":{\"@id\":\"https:\\\/\\\/www.fsegura.com\\\/de\\\/lieferantenbereich\\\/#primaryimage\"},\"thumbnailUrl\":\"https:\\\/\\\/www.fsegura.com\\\/wp-content\\\/uploads\\\/2025\\\/10\\\/pieza-aluminio.jpg\",\"datePublished\":\"2026-02-23T15:14:44+00:00\",\"dateModified\":\"2026-02-25T15:18:59+00:00\",\"description\":\"St\u00e4ndige Arbeit an den Automobill\u00f6sungen der Zukunft. Unser starkes Engagement f\u00fcr Qualit\u00e4t und Nachhaltigkeit garantiert ein erfolgreiches Projekt.\",\"breadcrumb\":{\"@id\":\"https:\\\/\\\/www.fsegura.com\\\/de\\\/lieferantenbereich\\\/#breadcrumb\"},\"inLanguage\":\"de\",\"potentialAction\":[{\"@type\":\"ReadAction\",\"target\":[\"https:\\\/\\\/www.fsegura.com\\\/de\\\/lieferantenbereich\\\/\"]}]},{\"@type\":\"ImageObject\",\"inLanguage\":\"de\",\"@id\":\"https:\\\/\\\/www.fsegura.com\\\/de\\\/lieferantenbereich\\\/#primaryimage\",\"url\":\"https:\\\/\\\/www.fsegura.com\\\/wp-content\\\/uploads\\\/2025\\\/10\\\/pieza-aluminio.jpg\",\"contentUrl\":\"https:\\\/\\\/www.fsegura.com\\\/wp-content\\\/uploads\\\/2025\\\/10\\\/pieza-aluminio.jpg\",\"width\":402,\"height\":400,\"caption\":\"aluminio\"},{\"@type\":\"BreadcrumbList\",\"@id\":\"https:\\\/\\\/www.fsegura.com\\\/de\\\/lieferantenbereich\\\/#breadcrumb\",\"itemListElement\":[{\"@type\":\"ListItem\",\"position\":1,\"name\":\"Portada\",\"item\":\"https:\\\/\\\/www.fsegura.com\\\/de\\\/\"},{\"@type\":\"ListItem\",\"position\":2,\"name\":\"\u00c1rea proveedores DE\"}]},{\"@type\":\"WebSite\",\"@id\":\"https:\\\/\\\/www.fsegura.com\\\/de\\\/#website\",\"url\":\"https:\\\/\\\/www.fsegura.com\\\/de\\\/\",\"name\":\"Grupo Segura\",\"description\":\"Partner global para componentes de la automoci\u00f3n\",\"publisher\":{\"@id\":\"https:\\\/\\\/www.fsegura.com\\\/de\\\/#organization\"},\"potentialAction\":[{\"@type\":\"SearchAction\",\"target\":{\"@type\":\"EntryPoint\",\"urlTemplate\":\"https:\\\/\\\/www.fsegura.com\\\/de\\\/?s={search_term_string}\"},\"query-input\":{\"@type\":\"PropertyValueSpecification\",\"valueRequired\":true,\"valueName\":\"search_term_string\"}}],\"inLanguage\":\"de\"},{\"@type\":\"Organization\",\"@id\":\"https:\\\/\\\/www.fsegura.com\\\/de\\\/#organization\",\"name\":\"Grupo Segura\",\"url\":\"https:\\\/\\\/www.fsegura.com\\\/de\\\/\",\"logo\":{\"@type\":\"ImageObject\",\"inLanguage\":\"de\",\"@id\":\"https:\\\/\\\/www.fsegura.com\\\/de\\\/#\\\/schema\\\/logo\\\/image\\\/\",\"url\":\"https:\\\/\\\/www.fsegura.com\\\/wp-content\\\/uploads\\\/2025\\\/09\\\/grupo-segura.jpg\",\"contentUrl\":\"https:\\\/\\\/www.fsegura.com\\\/wp-content\\\/uploads\\\/2025\\\/09\\\/grupo-segura.jpg\",\"width\":458,\"height\":136,\"caption\":\"Grupo Segura\"},\"image\":{\"@id\":\"https:\\\/\\\/www.fsegura.com\\\/de\\\/#\\\/schema\\\/logo\\\/image\\\/\"}}]}<\/script>\n<!-- \/ Yoast SEO plugin. -->","yoast_head_json":{"title":"Segura Gruppe: Qualit\u00e4t und Nachhaltigkeit in den L\u00f6sungen der Zukunft","description":"St\u00e4ndige Arbeit an den Automobill\u00f6sungen der Zukunft. Unser starkes Engagement f\u00fcr Qualit\u00e4t und Nachhaltigkeit garantiert ein erfolgreiches Projekt.","robots":{"index":"index","follow":"follow","max-snippet":"max-snippet:-1","max-image-preview":"max-image-preview:large","max-video-preview":"max-video-preview:-1"},"canonical":"https:\/\/www.fsegura.com\/de\/lieferantenbereich\/","og_locale":"de_DE","og_type":"article","og_title":"Segura Gruppe: Qualit\u00e4t und Nachhaltigkeit in den L\u00f6sungen der Zukunft","og_description":"St\u00e4ndige Arbeit an den Automobill\u00f6sungen der Zukunft. Unser starkes Engagement f\u00fcr Qualit\u00e4t und Nachhaltigkeit garantiert ein erfolgreiches Projekt.","og_url":"https:\/\/www.fsegura.com\/de\/lieferantenbereich\/","og_site_name":"Grupo Segura","article_modified_time":"2026-02-25T15:18:59+00:00","og_image":[{"width":402,"height":400,"url":"https:\/\/www.fsegura.com\/wp-content\/uploads\/2025\/10\/pieza-aluminio.jpg","type":"image\/jpeg"}],"twitter_card":"summary_large_image","twitter_misc":{"Gesch\u00e4tzte Lesezeit":"1\u00a0Minute"},"schema":{"@context":"https:\/\/schema.org","@graph":[{"@type":"WebPage","@id":"https:\/\/www.fsegura.com\/de\/lieferantenbereich\/","url":"https:\/\/www.fsegura.com\/de\/lieferantenbereich\/","name":"Segura Gruppe: Qualit\u00e4t und Nachhaltigkeit in den L\u00f6sungen der Zukunft","isPartOf":{"@id":"https:\/\/www.fsegura.com\/de\/#website"},"primaryImageOfPage":{"@id":"https:\/\/www.fsegura.com\/de\/lieferantenbereich\/#primaryimage"},"image":{"@id":"https:\/\/www.fsegura.com\/de\/lieferantenbereich\/#primaryimage"},"thumbnailUrl":"https:\/\/www.fsegura.com\/wp-content\/uploads\/2025\/10\/pieza-aluminio.jpg","datePublished":"2026-02-23T15:14:44+00:00","dateModified":"2026-02-25T15:18:59+00:00","description":"St\u00e4ndige Arbeit an den Automobill\u00f6sungen der Zukunft. Unser starkes Engagement f\u00fcr Qualit\u00e4t und Nachhaltigkeit garantiert ein erfolgreiches Projekt.","breadcrumb":{"@id":"https:\/\/www.fsegura.com\/de\/lieferantenbereich\/#breadcrumb"},"inLanguage":"de","potentialAction":[{"@type":"ReadAction","target":["https:\/\/www.fsegura.com\/de\/lieferantenbereich\/"]}]},{"@type":"ImageObject","inLanguage":"de","@id":"https:\/\/www.fsegura.com\/de\/lieferantenbereich\/#primaryimage","url":"https:\/\/www.fsegura.com\/wp-content\/uploads\/2025\/10\/pieza-aluminio.jpg","contentUrl":"https:\/\/www.fsegura.com\/wp-content\/uploads\/2025\/10\/pieza-aluminio.jpg","width":402,"height":400,"caption":"aluminio"},{"@type":"BreadcrumbList","@id":"https:\/\/www.fsegura.com\/de\/lieferantenbereich\/#breadcrumb","itemListElement":[{"@type":"ListItem","position":1,"name":"Portada","item":"https:\/\/www.fsegura.com\/de\/"},{"@type":"ListItem","position":2,"name":"\u00c1rea proveedores DE"}]},{"@type":"WebSite","@id":"https:\/\/www.fsegura.com\/de\/#website","url":"https:\/\/www.fsegura.com\/de\/","name":"Grupo Segura","description":"Partner global para componentes de la automoci\u00f3n","publisher":{"@id":"https:\/\/www.fsegura.com\/de\/#organization"},"potentialAction":[{"@type":"SearchAction","target":{"@type":"EntryPoint","urlTemplate":"https:\/\/www.fsegura.com\/de\/?s={search_term_string}"},"query-input":{"@type":"PropertyValueSpecification","valueRequired":true,"valueName":"search_term_string"}}],"inLanguage":"de"},{"@type":"Organization","@id":"https:\/\/www.fsegura.com\/de\/#organization","name":"Grupo Segura","url":"https:\/\/www.fsegura.com\/de\/","logo":{"@type":"ImageObject","inLanguage":"de","@id":"https:\/\/www.fsegura.com\/de\/#\/schema\/logo\/image\/","url":"https:\/\/www.fsegura.com\/wp-content\/uploads\/2025\/09\/grupo-segura.jpg","contentUrl":"https:\/\/www.fsegura.com\/wp-content\/uploads\/2025\/09\/grupo-segura.jpg","width":458,"height":136,"caption":"Grupo Segura"},"image":{"@id":"https:\/\/www.fsegura.com\/de\/#\/schema\/logo\/image\/"}}]}},"_links":{"self":[{"href":"https:\/\/www.fsegura.com\/de\/wp-json\/wp\/v2\/pages\/12014","targetHints":{"allow":["GET"]}}],"collection":[{"href":"https:\/\/www.fsegura.com\/de\/wp-json\/wp\/v2\/pages"}],"about":[{"href":"https:\/\/www.fsegura.com\/de\/wp-json\/wp\/v2\/types\/page"}],"author":[{"embeddable":true,"href":"https:\/\/www.fsegura.com\/de\/wp-json\/wp\/v2\/users\/1"}],"replies":[{"embeddable":true,"href":"https:\/\/www.fsegura.com\/de\/wp-json\/wp\/v2\/comments?post=12014"}],"version-history":[{"count":0,"href":"https:\/\/www.fsegura.com\/de\/wp-json\/wp\/v2\/pages\/12014\/revisions"}],"wp:featuredmedia":[{"embeddable":true,"href":"https:\/\/www.fsegura.com\/de\/wp-json\/wp\/v2\/media\/10357"}],"wp:attachment":[{"href":"https:\/\/www.fsegura.com\/de\/wp-json\/wp\/v2\/media?parent=12014"}],"curies":[{"name":"wp","href":"https:\/\/api.w.org\/{rel}","templated":true}]}}