{"id":13446,"date":"2026-03-31T06:32:53","date_gmt":"2026-03-31T06:32:53","guid":{"rendered":"https:\/\/www.fsegura.com\/politica-de-cookies\/"},"modified":"2026-05-04T12:04:28","modified_gmt":"2026-05-04T12:04:28","slug":"cookie-richtlinie","status":"publish","type":"page","link":"https:\/\/www.fsegura.com\/de\/cookie-richtlinie\/","title":{"rendered":"Pol\u00edtica de cookies DE"},"content":{"rendered":"\t\t<div data-elementor-type=\"wp-page\" data-elementor-id=\"13446\" class=\"elementor elementor-13446 elementor-13438\" data-elementor-post-type=\"page\">\n\t\t\t\t<div class=\"elementor-element elementor-element-0df828c e-flex e-con-boxed e-con e-parent\" data-id=\"0df828c\" data-element_type=\"container\" data-e-type=\"container\" id=\"hero\" data-settings=\"{&quot;background_background&quot;:&quot;gradient&quot;,&quot;position&quot;:&quot;fixed&quot;}\">\n\t\t\t\t\t<div class=\"e-con-inner\">\n\t\t<div class=\"elementor-element elementor-element-2ec3325 e-con-full e-flex e-con e-child\" data-id=\"2ec3325\" data-element_type=\"container\" data-e-type=\"container\">\n\t\t\t\t<div class=\"elementor-element elementor-element-6e21769 elementor-widget__width-inherit elementor-widget elementor-widget-heading\" data-id=\"6e21769\" data-element_type=\"widget\" data-e-type=\"widget\" data-widget_type=\"heading.default\">\n\t\t\t\t\t<h2 class=\"elementor-heading-title elementor-size-default\">Cookie-Richtlinie<\/h2>\t\t\t\t<\/div>\n\t\t\t\t<\/div>\n\t\t\t\t\t<\/div>\n\t\t\t\t<\/div>\n\t\t<div class=\"elementor-element elementor-element-28de844 e-flex e-con-boxed e-con e-parent\" data-id=\"28de844\" data-element_type=\"container\" data-e-type=\"container\" data-settings=\"{&quot;background_background&quot;:&quot;classic&quot;}\">\n\t\t\t\t\t<div class=\"e-con-inner\">\n\t\t\t\t<div class=\"elementor-element elementor-element-266ab53 legal elementor-widget elementor-widget-text-editor\" data-id=\"266ab53\" data-element_type=\"widget\" data-e-type=\"widget\" data-widget_type=\"text-editor.default\">\n\t\t\t\t\t\t\t\t\t<em>Diese Website ist Eigentum von Matricer\u00eda y Estampaci\u00f3n F. Segura, SLU. Mit dem Zugriff auf diese Website erkl\u00e4ren Sie sich mit den Datenschutzbestimmungen einverstanden. In \u00dcbereinstimmung mit Artikel 10 des Gesetzes 34\/2002 vom 11. Juli \u00fcber Dienste der Informationsgesellschaft und den elektronischen Gesch\u00e4ftsverkehr (LSSI) werden die Identifikationsdaten hiermit offengelegt.<\/em>\n<h2>Was sind Cookies?<\/h2>\nEin Cookie ist eine Datei, die beim Zugriff auf unsere Website auf Ihren Computer oder Ihr Endger\u00e4t heruntergeladen wird. Cookies erm\u00f6glichen es uns unter anderem, Informationen \u00fcber die Surfgewohnheiten eines Nutzers oder seines Ger\u00e4ts zu speichern und abzurufen. Je nach den darin enthaltenen Informationen und der Art und Weise, wie Sie Ihr Ger\u00e4t nutzen, k\u00f6nnen sie dazu verwendet werden, den Nutzer zu erkennen.\n<h2>Was sind die Hauptmerkmale eines Cookies?<\/h2>\n<ul>\n \t<li>Eigene Cookies: Dies sind Cookies, die wir von unserer Website an Ihren Computer oder Ihr Endger\u00e4t senden.<\/li>\n \t<li>Cookies von Drittanbietern: Dies sind Cookies, die von einer Domain oder einer Website, die nicht von uns, sondern von einem anderen Unternehmen verwaltet wird, das die durch Cookies gewonnenen Daten verarbeitet, an Ihren Computer oder Ihr Endger\u00e4t gesendet werden.<\/li>\n \t<li>Persistente Cookies: Dies sind Cookies, bei denen die Daten auf dem Endger\u00e4t gespeichert bleiben und auf die w\u00e4hrend eines vom Verantwortlichen f\u00fcr das Cookie festgelegten Zeitraums zugegriffen und verarbeitet werden kann; dieser Zeitraum kann von wenigen Minuten bis zu mehreren Jahren reichen.<\/li>\n \t<li>Sitzungscookies: Dies sind Cookies, die dazu dienen, Daten zu erheben und zu speichern, w\u00e4hrend der Nutzer auf eine Webseite zugreift. Sie werden in der Regel verwendet, um Informationen zu speichern, die nur f\u00fcr die einmalige Erbringung der vom Nutzer angeforderten Dienstleistung relevant sind.<\/li>\n<\/ul>\n<h2>Ist es sicher, Cookies zu aktivieren? \u2013 Weitere Informationen<\/h2>\nJa. Bitte beachten Sie, dass Cookies Ihrem Ger\u00e4t keinen Schaden zuf\u00fcgen k\u00f6nnen. Cookies sind lediglich kleine Datensequenzen, die von sich aus keine Aktionen ausf\u00fchren k\u00f6nnen. Als zus\u00e4tzliche Sicherheit zu den oben beschriebenen Ma\u00dfnahmen kann die Speicherung von Cookies von Ihrer Zustimmung bei der Installation oder Aktualisierung des verwendeten Browsers abh\u00e4ngig gemacht werden, und diese Zustimmung kann jederzeit \u00fcber die verf\u00fcgbaren Einstellungen f\u00fcr Inhalte und Datenschutz widerrufen werden. Wenn Sie allgemeine Informationen \u00fcber Cookies und deren Verwaltung w\u00fcnschen, lesen Sie bitte den Leitfaden zu Cookies, der von Adigital, <a href=\"https:\/\/www.aepd.es\/es\/documento\/guia-cookies.pdf\" target=\"_blank\" rel=\"noopener\">Autocontrol und IAB in Zusammenarbeit mit der spanischen Datenschutzbeh\u00f6rde erstellt wurde<\/a>.\n\nBitte beachten Sie, dass wir f\u00fcr den Inhalt externer Websites nicht verantwortlich sind.\n\nWir weisen Sie darauf hin, dass im Falle einer Blockierung oder Nichtzustimmung zur Installation von Cookies bestimmte Dienste\/Inhalte ohne deren Verwendung m\u00f6glicherweise nicht verf\u00fcgbar sind oder Sie nicht in vollem Umfang von den Angeboten dieser Website profitieren k\u00f6nnen.\n<h2>Cookie-Verwaltung \u2013 Wie deaktiviert man sie?<\/h2>\nAlle Browser bieten Einstellungen, mit denen Sie die Cookie-Funktion deaktivieren k\u00f6nnen. Diese Einstellungen finden Sie unter \u201eOptionen\u201c oder \u201eEinstellungen\u201c im Men\u00fc Ihres Browsers. Nachfolgend finden Sie die Links zu den einzelnen Browsern, um Cookies gem\u00e4\u00df den Anweisungen zu deaktivieren:\n<ul>\n \t<li><a title=\"Internet Explorer\" href=\"https:\/\/support.microsoft.com\/es-es\/topic\/eliminar-y-administrar-cookies-168dab11-0753-043d-7c16-ede5947fc64d\" target=\"_blank\" rel=\"noopener\">Internet Explorer<\/a><\/li>\n \t<li><a title=\"Mozilla Firefox\" href=\"https:\/\/support.mozilla.org\/es\/kb\/habilitar-y-deshabilitar-cookies-sitios-web-rastrear-preferencias\" target=\"_blank\" rel=\"noopener\">Mozilla Firefox<\/a><\/li>\n \t<li><a title=\"Google Chrome\" href=\"https:\/\/support.google.com\/chrome\/answer\/95647?hl=es\" target=\"_blank\" rel=\"noopener\">Google Chrome<\/a><\/li>\n \t<li><a title=\"Safari\" href=\"http:\/\/support.apple.com\/kb\/ph5042\" target=\"_blank\" rel=\"noopener\">Safari<\/a><\/li>\n \t<li><a title=\"Opera\" href=\"http:\/\/help.opera.com\/Windows\/12.00\/esES\/cookies.html\" target=\"_blank\" rel=\"noopener\">Opera<\/a><\/li>\n<\/ul>\nBitte beachten Sie, dass bestimmte Funktionen und die volle Funktionalit\u00e4t der Website nach der Deaktivierung von Cookies m\u00f6glicherweise nicht mehr verf\u00fcgbar sind.\n\nWenn Sie nicht durch Cookies verfolgt werden m\u00f6chten, hat Google ein Add-on entwickelt, das Sie in Ihrem Browser installieren k\u00f6nnen und auf das Sie \u00fcber den folgenden Link zugreifen k\u00f6nnen:\u00a0<a title=\"Complemento Google\" href=\"http:\/\/goo.gl\/up4ND\" target=\"_blank\" rel=\"noopener\">http:\/\/goo.gl\/up4ND<\/a>.\n<h2>Cookies auf Mobilger\u00e4ten:<\/h2>\nDie Website verwendet auch Cookies oder andere Speichermechanismen auf Mobilger\u00e4ten. In diesem Fall k\u00f6nnen Sie, genau wie bei Browsern auf Computern, in den Browsern Ihrer Mobilger\u00e4te die Datenschutzoptionen oder -einstellungen konfigurieren, um Cookies zu deaktivieren oder zu l\u00f6schen.\n\nWenn Sie die Datenschutzeinstellungen \u00e4ndern m\u00f6chten, befolgen Sie bitte die Anweisungen des Herstellers Ihres Browsers f\u00fcr mobile Ger\u00e4te.\n\nAu\u00dferdem finden Sie hier einige Beispiele f\u00fcr Links, die Ihnen helfen, die Datenschutzeinstellungen auf Ihrem mobilen Ger\u00e4t anzupassen:\n<ul>\n \t<li><a title=\"IOS\" href=\"http:\/\/goo.gl\/61xevS\" target=\"_blank\" rel=\"noopener\">IOS<\/a><\/li>\n \t<li><a title=\"Windows Phone\" href=\"https:\/\/goo.gl\/tKyb0y\" target=\"_blank\" rel=\"noopener\">Windows Phone<\/a><\/li>\n \t<li><a title=\"Chrome Mobile\" href=\"http:\/\/goo.gl\/XJp7N\" target=\"_blank\" rel=\"noopener\">Chrome Mobile<\/a><\/li>\n \t<li><a title=\"Opera Mobile\" href=\"http:\/\/goo.gl\/Nzr8s7\" target=\"_blank\" rel=\"noopener\">Opera Mobile<\/a><\/li>\n<\/ul>\n<h2>Die verwendeten Cookies sind:<\/h2>\n<script type=\"text\/javascript\" charset=\"UTF-8\"  data-cookiescriptreport=\"report\" src=\"\/\/report.cookie-script.com\/r\/89922aef13c6cfa6d921bc9b7b69335d.js\"><\/script>\t\t\t\t\t\t\t\t<\/div>\n\t\t\t\t\t<\/div>\n\t\t\t\t<\/div>\n\t\t\t\t<\/div>\n\t\t","protected":false},"excerpt":{"rendered":"<p>Cookie-Richtlinie Diese Website ist Eigentum von Matricer\u00eda y Estampaci\u00f3n F. Segura, SLU. Mit dem Zugriff auf diese Website erkl\u00e4ren Sie sich mit den Datenschutzbestimmungen einverstanden. In \u00dcbereinstimmung mit Artikel 10 des Gesetzes 34\/2002 vom 11. Juli \u00fcber Dienste der Informationsgesellschaft und den elektronischen Gesch\u00e4ftsverkehr (LSSI) werden die Identifikationsdaten hiermit offengelegt. Was sind Cookies? Ein Cookie [&hellip;]<\/p>\n","protected":false},"author":1,"featured_media":10352,"parent":0,"menu_order":0,"comment_status":"closed","ping_status":"closed","template":"page-templates\/home.php","meta":{"_acf_changed":false,"_eb_attr":"","footnotes":""},"class_list":["post-13446","page","type-page","status-publish","has-post-thumbnail","hentry"],"acf":[],"yoast_head":"<!-- This site is optimized with the Yoast SEO plugin v27.4 - https:\/\/yoast.com\/product\/yoast-seo-wordpress\/ -->\n<title>Cookie-Richtlinie - Grupo Segura<\/title>\n<meta name=\"robots\" content=\"index, follow, max-snippet:-1, max-image-preview:large, max-video-preview:-1\" \/>\n<link rel=\"canonical\" href=\"https:\/\/www.fsegura.com\/de\/cookie-richtlinie\/\" \/>\n<meta property=\"og:locale\" content=\"de_DE\" \/>\n<meta property=\"og:type\" content=\"article\" \/>\n<meta property=\"og:title\" content=\"Cookie-Richtlinie - Grupo Segura\" \/>\n<meta property=\"og:description\" content=\"Cookie-Richtlinie Diese Website ist Eigentum von Matricer\u00eda y Estampaci\u00f3n F. Segura, SLU. Mit dem Zugriff auf diese Website erkl\u00e4ren Sie sich mit den Datenschutzbestimmungen einverstanden. In \u00dcbereinstimmung mit Artikel 10 des Gesetzes 34\/2002 vom 11. Juli \u00fcber Dienste der Informationsgesellschaft und den elektronischen Gesch\u00e4ftsverkehr (LSSI) werden die Identifikationsdaten hiermit offengelegt. Was sind Cookies? Ein Cookie [&hellip;]\" \/>\n<meta property=\"og:url\" content=\"https:\/\/www.fsegura.com\/de\/cookie-richtlinie\/\" \/>\n<meta property=\"og:site_name\" content=\"Grupo Segura\" \/>\n<meta property=\"article:modified_time\" content=\"2026-05-04T12:04:28+00:00\" \/>\n<meta property=\"og:image\" content=\"https:\/\/www.fsegura.com\/wp-content\/uploads\/2025\/10\/paterna-oficinas-02-1.jpg\" \/>\n\t<meta property=\"og:image:width\" content=\"609\" \/>\n\t<meta property=\"og:image:height\" content=\"455\" \/>\n\t<meta property=\"og:image:type\" content=\"image\/jpeg\" \/>\n<meta name=\"twitter:card\" content=\"summary_large_image\" \/>\n<meta name=\"twitter:label1\" content=\"Gesch\u00e4tzte Lesezeit\" \/>\n\t<meta name=\"twitter:data1\" content=\"5\u00a0Minuten\" \/>\n<script type=\"application\/ld+json\" class=\"yoast-schema-graph\">{\"@context\":\"https:\\\/\\\/schema.org\",\"@graph\":[{\"@type\":\"WebPage\",\"@id\":\"https:\\\/\\\/www.fsegura.com\\\/de\\\/cookie-richtlinie\\\/\",\"url\":\"https:\\\/\\\/www.fsegura.com\\\/de\\\/cookie-richtlinie\\\/\",\"name\":\"Cookie-Richtlinie - Grupo Segura\",\"isPartOf\":{\"@id\":\"https:\\\/\\\/www.fsegura.com\\\/de\\\/#website\"},\"primaryImageOfPage\":{\"@id\":\"https:\\\/\\\/www.fsegura.com\\\/de\\\/cookie-richtlinie\\\/#primaryimage\"},\"image\":{\"@id\":\"https:\\\/\\\/www.fsegura.com\\\/de\\\/cookie-richtlinie\\\/#primaryimage\"},\"thumbnailUrl\":\"https:\\\/\\\/www.fsegura.com\\\/wp-content\\\/uploads\\\/2025\\\/10\\\/paterna-oficinas-02-1.jpg\",\"datePublished\":\"2026-03-31T06:32:53+00:00\",\"dateModified\":\"2026-05-04T12:04:28+00:00\",\"breadcrumb\":{\"@id\":\"https:\\\/\\\/www.fsegura.com\\\/de\\\/cookie-richtlinie\\\/#breadcrumb\"},\"inLanguage\":\"de\",\"potentialAction\":[{\"@type\":\"ReadAction\",\"target\":[\"https:\\\/\\\/www.fsegura.com\\\/de\\\/cookie-richtlinie\\\/\"]}]},{\"@type\":\"ImageObject\",\"inLanguage\":\"de\",\"@id\":\"https:\\\/\\\/www.fsegura.com\\\/de\\\/cookie-richtlinie\\\/#primaryimage\",\"url\":\"https:\\\/\\\/www.fsegura.com\\\/wp-content\\\/uploads\\\/2025\\\/10\\\/paterna-oficinas-02-1.jpg\",\"contentUrl\":\"https:\\\/\\\/www.fsegura.com\\\/wp-content\\\/uploads\\\/2025\\\/10\\\/paterna-oficinas-02-1.jpg\",\"width\":609,\"height\":455,\"caption\":\"paterna\"},{\"@type\":\"BreadcrumbList\",\"@id\":\"https:\\\/\\\/www.fsegura.com\\\/de\\\/cookie-richtlinie\\\/#breadcrumb\",\"itemListElement\":[{\"@type\":\"ListItem\",\"position\":1,\"name\":\"Portada\",\"item\":\"https:\\\/\\\/www.fsegura.com\\\/de\\\/\"},{\"@type\":\"ListItem\",\"position\":2,\"name\":\"Pol\u00edtica de cookies DE\"}]},{\"@type\":\"WebSite\",\"@id\":\"https:\\\/\\\/www.fsegura.com\\\/de\\\/#website\",\"url\":\"https:\\\/\\\/www.fsegura.com\\\/de\\\/\",\"name\":\"Grupo Segura\",\"description\":\"Partner global para componentes de la automoci\u00f3n\",\"publisher\":{\"@id\":\"https:\\\/\\\/www.fsegura.com\\\/de\\\/#organization\"},\"potentialAction\":[{\"@type\":\"SearchAction\",\"target\":{\"@type\":\"EntryPoint\",\"urlTemplate\":\"https:\\\/\\\/www.fsegura.com\\\/de\\\/?s={search_term_string}\"},\"query-input\":{\"@type\":\"PropertyValueSpecification\",\"valueRequired\":true,\"valueName\":\"search_term_string\"}}],\"inLanguage\":\"de\"},{\"@type\":\"Organization\",\"@id\":\"https:\\\/\\\/www.fsegura.com\\\/de\\\/#organization\",\"name\":\"Grupo Segura\",\"url\":\"https:\\\/\\\/www.fsegura.com\\\/de\\\/\",\"logo\":{\"@type\":\"ImageObject\",\"inLanguage\":\"de\",\"@id\":\"https:\\\/\\\/www.fsegura.com\\\/de\\\/#\\\/schema\\\/logo\\\/image\\\/\",\"url\":\"https:\\\/\\\/www.fsegura.com\\\/wp-content\\\/uploads\\\/2025\\\/09\\\/grupo-segura.jpg\",\"contentUrl\":\"https:\\\/\\\/www.fsegura.com\\\/wp-content\\\/uploads\\\/2025\\\/09\\\/grupo-segura.jpg\",\"width\":458,\"height\":136,\"caption\":\"Grupo Segura\"},\"image\":{\"@id\":\"https:\\\/\\\/www.fsegura.com\\\/de\\\/#\\\/schema\\\/logo\\\/image\\\/\"}}]}<\/script>\n<!-- \/ Yoast SEO plugin. -->","yoast_head_json":{"title":"Cookie-Richtlinie - Grupo Segura","robots":{"index":"index","follow":"follow","max-snippet":"max-snippet:-1","max-image-preview":"max-image-preview:large","max-video-preview":"max-video-preview:-1"},"canonical":"https:\/\/www.fsegura.com\/de\/cookie-richtlinie\/","og_locale":"de_DE","og_type":"article","og_title":"Cookie-Richtlinie - Grupo Segura","og_description":"Cookie-Richtlinie Diese Website ist Eigentum von Matricer\u00eda y Estampaci\u00f3n F. Segura, SLU. Mit dem Zugriff auf diese Website erkl\u00e4ren Sie sich mit den Datenschutzbestimmungen einverstanden. In \u00dcbereinstimmung mit Artikel 10 des Gesetzes 34\/2002 vom 11. Juli \u00fcber Dienste der Informationsgesellschaft und den elektronischen Gesch\u00e4ftsverkehr (LSSI) werden die Identifikationsdaten hiermit offengelegt. Was sind Cookies? Ein Cookie [&hellip;]","og_url":"https:\/\/www.fsegura.com\/de\/cookie-richtlinie\/","og_site_name":"Grupo Segura","article_modified_time":"2026-05-04T12:04:28+00:00","og_image":[{"width":609,"height":455,"url":"https:\/\/www.fsegura.com\/wp-content\/uploads\/2025\/10\/paterna-oficinas-02-1.jpg","type":"image\/jpeg"}],"twitter_card":"summary_large_image","twitter_misc":{"Gesch\u00e4tzte Lesezeit":"5\u00a0Minuten"},"schema":{"@context":"https:\/\/schema.org","@graph":[{"@type":"WebPage","@id":"https:\/\/www.fsegura.com\/de\/cookie-richtlinie\/","url":"https:\/\/www.fsegura.com\/de\/cookie-richtlinie\/","name":"Cookie-Richtlinie - Grupo Segura","isPartOf":{"@id":"https:\/\/www.fsegura.com\/de\/#website"},"primaryImageOfPage":{"@id":"https:\/\/www.fsegura.com\/de\/cookie-richtlinie\/#primaryimage"},"image":{"@id":"https:\/\/www.fsegura.com\/de\/cookie-richtlinie\/#primaryimage"},"thumbnailUrl":"https:\/\/www.fsegura.com\/wp-content\/uploads\/2025\/10\/paterna-oficinas-02-1.jpg","datePublished":"2026-03-31T06:32:53+00:00","dateModified":"2026-05-04T12:04:28+00:00","breadcrumb":{"@id":"https:\/\/www.fsegura.com\/de\/cookie-richtlinie\/#breadcrumb"},"inLanguage":"de","potentialAction":[{"@type":"ReadAction","target":["https:\/\/www.fsegura.com\/de\/cookie-richtlinie\/"]}]},{"@type":"ImageObject","inLanguage":"de","@id":"https:\/\/www.fsegura.com\/de\/cookie-richtlinie\/#primaryimage","url":"https:\/\/www.fsegura.com\/wp-content\/uploads\/2025\/10\/paterna-oficinas-02-1.jpg","contentUrl":"https:\/\/www.fsegura.com\/wp-content\/uploads\/2025\/10\/paterna-oficinas-02-1.jpg","width":609,"height":455,"caption":"paterna"},{"@type":"BreadcrumbList","@id":"https:\/\/www.fsegura.com\/de\/cookie-richtlinie\/#breadcrumb","itemListElement":[{"@type":"ListItem","position":1,"name":"Portada","item":"https:\/\/www.fsegura.com\/de\/"},{"@type":"ListItem","position":2,"name":"Pol\u00edtica de cookies DE"}]},{"@type":"WebSite","@id":"https:\/\/www.fsegura.com\/de\/#website","url":"https:\/\/www.fsegura.com\/de\/","name":"Grupo Segura","description":"Partner global para componentes de la automoci\u00f3n","publisher":{"@id":"https:\/\/www.fsegura.com\/de\/#organization"},"potentialAction":[{"@type":"SearchAction","target":{"@type":"EntryPoint","urlTemplate":"https:\/\/www.fsegura.com\/de\/?s={search_term_string}"},"query-input":{"@type":"PropertyValueSpecification","valueRequired":true,"valueName":"search_term_string"}}],"inLanguage":"de"},{"@type":"Organization","@id":"https:\/\/www.fsegura.com\/de\/#organization","name":"Grupo Segura","url":"https:\/\/www.fsegura.com\/de\/","logo":{"@type":"ImageObject","inLanguage":"de","@id":"https:\/\/www.fsegura.com\/de\/#\/schema\/logo\/image\/","url":"https:\/\/www.fsegura.com\/wp-content\/uploads\/2025\/09\/grupo-segura.jpg","contentUrl":"https:\/\/www.fsegura.com\/wp-content\/uploads\/2025\/09\/grupo-segura.jpg","width":458,"height":136,"caption":"Grupo Segura"},"image":{"@id":"https:\/\/www.fsegura.com\/de\/#\/schema\/logo\/image\/"}}]}},"_links":{"self":[{"href":"https:\/\/www.fsegura.com\/de\/wp-json\/wp\/v2\/pages\/13446","targetHints":{"allow":["GET"]}}],"collection":[{"href":"https:\/\/www.fsegura.com\/de\/wp-json\/wp\/v2\/pages"}],"about":[{"href":"https:\/\/www.fsegura.com\/de\/wp-json\/wp\/v2\/types\/page"}],"author":[{"embeddable":true,"href":"https:\/\/www.fsegura.com\/de\/wp-json\/wp\/v2\/users\/1"}],"replies":[{"embeddable":true,"href":"https:\/\/www.fsegura.com\/de\/wp-json\/wp\/v2\/comments?post=13446"}],"version-history":[{"count":6,"href":"https:\/\/www.fsegura.com\/de\/wp-json\/wp\/v2\/pages\/13446\/revisions"}],"predecessor-version":[{"id":14511,"href":"https:\/\/www.fsegura.com\/de\/wp-json\/wp\/v2\/pages\/13446\/revisions\/14511"}],"wp:featuredmedia":[{"embeddable":true,"href":"https:\/\/www.fsegura.com\/de\/wp-json\/wp\/v2\/media\/10352"}],"wp:attachment":[{"href":"https:\/\/www.fsegura.com\/de\/wp-json\/wp\/v2\/media?parent=13446"}],"curies":[{"name":"wp","href":"https:\/\/api.w.org\/{rel}","templated":true}]}}