{"id":13447,"date":"2026-03-31T06:32:53","date_gmt":"2026-03-31T06:32:53","guid":{"rendered":"https:\/\/www.fsegura.com\/politica-de-cookies\/"},"modified":"2026-05-04T12:03:44","modified_gmt":"2026-05-04T12:03:44","slug":"cookie-szabalyzat","status":"publish","type":"page","link":"https:\/\/www.fsegura.com\/hu\/cookie-szabalyzat\/","title":{"rendered":"Pol\u00edtica de cookies HU"},"content":{"rendered":"\t\t<div data-elementor-type=\"wp-page\" data-elementor-id=\"13447\" class=\"elementor elementor-13447 elementor-13438\" data-elementor-post-type=\"page\">\n\t\t\t\t<div class=\"elementor-element elementor-element-0df828c e-flex e-con-boxed e-con e-parent\" data-id=\"0df828c\" data-element_type=\"container\" data-e-type=\"container\" id=\"hero\" data-settings=\"{&quot;background_background&quot;:&quot;gradient&quot;,&quot;position&quot;:&quot;fixed&quot;}\">\n\t\t\t\t\t<div class=\"e-con-inner\">\n\t\t<div class=\"elementor-element elementor-element-2ec3325 e-con-full e-flex e-con e-child\" data-id=\"2ec3325\" data-element_type=\"container\" data-e-type=\"container\">\n\t\t\t\t<div class=\"elementor-element elementor-element-6e21769 elementor-widget__width-inherit elementor-widget elementor-widget-heading\" data-id=\"6e21769\" data-element_type=\"widget\" data-e-type=\"widget\" data-widget_type=\"heading.default\">\n\t\t\t\t\t<h2 class=\"elementor-heading-title elementor-size-default\">Pol\u00edtica de Cookies<\/h2>\t\t\t\t<\/div>\n\t\t\t\t<\/div>\n\t\t\t\t\t<\/div>\n\t\t\t\t<\/div>\n\t\t<div class=\"elementor-element elementor-element-28de844 e-flex e-con-boxed e-con e-parent\" data-id=\"28de844\" data-element_type=\"container\" data-e-type=\"container\" data-settings=\"{&quot;background_background&quot;:&quot;classic&quot;}\">\n\t\t\t\t\t<div class=\"e-con-inner\">\n\t\t\t\t<div class=\"elementor-element elementor-element-266ab53 legal elementor-widget elementor-widget-text-editor\" data-id=\"266ab53\" data-element_type=\"widget\" data-e-type=\"widget\" data-widget_type=\"text-editor.default\">\n\t\t\t\t\t\t\t\t\t<em>Ez a weboldal a Matricer\u00eda y Estampacion F. Segura, SLU tulajdon\u00e1t k\u00e9pezi. A weboldalra val\u00f3 bel\u00e9p\u00e9s az adatv\u00e9delmi ir\u00e1nyelvek ismeret\u00e9t \u00e9s elfogad\u00e1s\u00e1t jelenti. Az inform\u00e1ci\u00f3s t\u00e1rsadalom szolg\u00e1ltat\u00e1sair\u00f3l \u00e9s az elektronikus kereskedelemr\u0151l sz\u00f3l\u00f3, 2002. j\u00falius 11-i 34\/2002. sz. t\u00f6rv\u00e9ny (LSSI) 10. cikk\u00e9nek megfelel\u0151en az al\u00e1bbi azonos\u00edt\u00f3 adatokat tessz\u00fck k\u00f6zz\u00e9.<\/em>\n<h2>Mik azok a cookie-k?<\/h2>\nA cookie egy olyan f\u00e1jl, amely a weboldalunkra val\u00f3 bel\u00e9p\u00e9skor let\u00f6lt\u0151dik a sz\u00e1m\u00edt\u00f3g\u00e9p\u00e9re vagy eszk\u00f6z\u00e9re. A cookie-k t\u00f6bbek k\u00f6z\u00f6tt lehet\u0151v\u00e9 teszik sz\u00e1munkra, hogy inform\u00e1ci\u00f3kat t\u00e1roljunk \u00e9s visszakeress\u00fcnk a felhaszn\u00e1l\u00f3 vagy a sz\u00e1m\u00edt\u00f3g\u00e9pe b\u00f6ng\u00e9sz\u00e9si szok\u00e1sair\u00f3l, \u00e9s att\u00f3l f\u00fcgg\u0151en, hogy milyen inform\u00e1ci\u00f3kat tartalmaznak, valamint att\u00f3l, hogy hogyan haszn\u00e1lja a sz\u00e1m\u00edt\u00f3g\u00e9p\u00e9t, felhaszn\u00e1lhat\u00f3k a felhaszn\u00e1l\u00f3 felismer\u00e9s\u00e9re is.\n<h2>Melyek a cookie-k f\u0151bb jellemz\u0151i?<\/h2>\n<ul>\n \t<li>Saj\u00e1t cookie-k: Ezeket a weboldalunkr\u00f3l k\u00fcldj\u00fck az \u00d6n sz\u00e1m\u00edt\u00f3g\u00e9p\u00e9re vagy eszk\u00f6z\u00e9re.<\/li>\n \t<li>Harmadik f\u00e9lt\u0151l sz\u00e1rmaz\u00f3 cookie-k: azok, amelyeket olyan domainr\u0151l vagy weboldalr\u00f3l k\u00fcld\u00fcnk az \u00d6n sz\u00e1m\u00edt\u00f3g\u00e9p\u00e9re vagy eszk\u00f6z\u00e9re, amelyet nem mi, hanem egy m\u00e1sik szervezet \u00fczemeltet, amely a cookie-kon kereszt\u00fcl megszerzett adatokat kezeli.<\/li>\n \t<li>\u00c1lland\u00f3 cookie-k: azok, amelyekn\u00e9l az adatok tov\u00e1bbra is az eszk\u00f6z\u00f6n t\u00e1rol\u00f3dnak, \u00e9s amelyekhez a cookie-\u00e9rt felel\u0151s szem\u00e9ly \u00e1ltal meghat\u00e1rozott id\u0151tartam alatt hozz\u00e1 lehet f\u00e9rni \u00e9s azokat kezelni lehet; ez az id\u0151tartam n\u00e9h\u00e1ny perct\u0151l t\u00f6bb \u00e9vig terjedhet.<\/li>\n \t<li>Munkamenet-cookie-k: Ezeket arra tervezt\u00e9k, hogy adatokat gy\u0171jtsenek \u00e9s t\u00e1roljanak, am\u00edg a felhaszn\u00e1l\u00f3 egy weboldalt l\u00e1togat. \u00c1ltal\u00e1ban olyan inform\u00e1ci\u00f3k t\u00e1rol\u00e1s\u00e1ra haszn\u00e1lj\u00e1k \u0151ket, amelyek meg\u0151rz\u00e9se csak a felhaszn\u00e1l\u00f3 \u00e1ltal egyszeri alkalommal k\u00e9rt szolg\u00e1ltat\u00e1s ny\u00fajt\u00e1sa \u00e9rdek\u00e9ben sz\u00fcks\u00e9ges.<\/li>\n<\/ul>\n<h2>Biztons\u00e1gos-e enged\u00e9lyezni a cookie-kat? \u2013 Tov\u00e1bbi inform\u00e1ci\u00f3k<\/h2>\nIgen. Vegye figyelembe, hogy a cookie-k nem k\u00e1ros\u00edthatj\u00e1k a sz\u00e1m\u00edt\u00f3g\u00e9p\u00e9t. A cookie-k csup\u00e1n kis adatsorozatok, amelyek \u00f6nmagukban nem k\u00e9pesek semmilyen m\u0171veletet v\u00e9grehajtani. A fent le\u00edrtak kieg\u00e9sz\u00edt\u00e9sek\u00e9nt a cookie-k r\u00f6gz\u00edt\u00e9se a haszn\u00e1lt b\u00f6ng\u00e9sz\u0151 telep\u00edt\u00e9se vagy friss\u00edt\u00e9se sor\u00e1n az \u00d6n beleegyez\u00e9s\u00e9hez k\u00f6thet\u0151, \u00e9s ez a beleegyez\u00e9s a rendelkez\u00e9sre \u00e1ll\u00f3 tartalom- \u00e9s adatv\u00e9delmi be\u00e1ll\u00edt\u00e1sok seg\u00edts\u00e9g\u00e9vel b\u00e1rmikor visszavonhat\u00f3. Ha \u00e1ltal\u00e1nos inform\u00e1ci\u00f3kat szeretne kapni a cookie-kr\u00f3l \u00e9s azok kezel\u00e9s\u00e9r\u0151l, olvassa el a cookie-kr\u00f3l sz\u00f3l\u00f3 \u00fatmutat\u00f3t, amelyet az Adigital, az Autocontrol \u00e9s az IAB k\u00e9sz\u00edtett a <a href=\"https:\/\/www.aepd.es\/es\/documento\/guia-cookies.pdf\" target=\"_blank\" rel=\"noopener\">Spanyol Adatv\u00e9delmi \u00dcgyn\u00f6ks\u00e9ggel egy\u00fcttm\u0171k\u00f6d\u00e9sben.<\/a>\n\nFelh\u00edvjuk figyelm\u00e9t, hogy nem v\u00e1llalunk felel\u0151ss\u00e9get a k\u00fcls\u0151 weboldalak tartalm\u00e1\u00e9rt.\n\nT\u00e1j\u00e9koztatjuk, hogy amennyiben letiltja vagy nem fogadja el a cookie-k telep\u00edt\u00e9s\u00e9t, el\u0151fordulhat, hogy bizonyos szolg\u00e1ltat\u00e1sok\/tartalmak nem lesznek el\u00e9rhet\u0151k a cookie-k haszn\u00e1lata n\u00e9lk\u00fcl, vagy nem tud teljes m\u00e9rt\u00e9kben kihaszn\u00e1lni mindazt, amit ez a weboldal k\u00edn\u00e1l.\n<h2>Cookie-kezel\u00e9s \u2013 hogyan lehet letiltani \u0151ket?<\/h2>\nMinden b\u00f6ng\u00e9sz\u0151 lehet\u0151v\u00e9 teszi a cookie-be\u00e1ll\u00edt\u00e1sok letilt\u00e1s\u00e1t. Ezek a be\u00e1ll\u00edt\u00e1sok a b\u00f6ng\u00e9sz\u0151 men\u00fcj\u00e9nek \u201ebe\u00e1ll\u00edt\u00e1sok\u201d vagy \u201epreferenci\u00e1k\u201d men\u00fcpontj\u00e1ban tal\u00e1lhat\u00f3k. Az al\u00e1bbiakban megtal\u00e1lja az egyes b\u00f6ng\u00e9sz\u0151k linkjeit, ahol az utas\u00edt\u00e1sokat k\u00f6vetve letilthatja a cookie-kat:\n<ul>\n \t<li><a title=\"Internet Explorer\" href=\"https:\/\/support.microsoft.com\/es-es\/topic\/eliminar-y-administrar-cookies-168dab11-0753-043d-7c16-ede5947fc64d\" target=\"_blank\" rel=\"noopener\">Internet Explorer<\/a><\/li>\n \t<li><a title=\"Mozilla Firefox\" href=\"https:\/\/support.mozilla.org\/es\/kb\/habilitar-y-deshabilitar-cookies-sitios-web-rastrear-preferencias\" target=\"_blank\" rel=\"noopener\">Mozilla Firefox<\/a><\/li>\n \t<li><a title=\"Google Chrome\" href=\"https:\/\/support.google.com\/chrome\/answer\/95647?hl=es\" target=\"_blank\" rel=\"noopener\">Google Chrome<\/a><\/li>\n \t<li><a title=\"Safari\" href=\"http:\/\/support.apple.com\/kb\/ph5042\" target=\"_blank\" rel=\"noopener\">Safari<\/a><\/li>\n \t<li><a title=\"Opera\" href=\"http:\/\/help.opera.com\/Windows\/12.00\/esES\/cookies.html\" target=\"_blank\" rel=\"noopener\">Opera<\/a><\/li>\n<\/ul>\nNe feledje, hogy a cookie-k letilt\u00e1sa ut\u00e1n a weboldal bizonyos funkci\u00f3i \u00e9s teljes funkcionalit\u00e1sa nem lesz el\u00e9rhet\u0151.\n\nHa nem szeretn\u00e9, hogy a cookie-k nyomon k\u00f6vess\u00e9k, a Google kifejlesztett egy b\u00f6ng\u00e9sz\u0151be telep\u00edthet\u0151 kieg\u00e9sz\u00edt\u0151t, amely a k\u00f6vetkez\u0151 linken \u00e9rhet\u0151 el:\u00a0<a title=\"Complemento Google\" href=\"http:\/\/goo.gl\/up4ND\" target=\"_blank\" rel=\"noopener\">http:\/\/goo.gl\/up4ND<\/a>.\n<h2>Cookie-k mobil eszk\u00f6z\u00f6k\u00f6n:<\/h2>\nA weboldal cookie-kat vagy m\u00e1s t\u00e1rol\u00f3eszk\u00f6z\u00f6ket haszn\u00e1l mobil eszk\u00f6z\u00f6k\u00f6n is. Ebben az esetben, hasonl\u00f3an a sz\u00e1m\u00edt\u00f3g\u00e9pes b\u00f6ng\u00e9sz\u0151kh\u00f6z, a mobil eszk\u00f6z\u00f6k b\u00f6ng\u00e9sz\u0151i is lehet\u0151v\u00e9 teszik a mag\u00e1n\u00e9leti be\u00e1ll\u00edt\u00e1sok konfigur\u00e1l\u00e1s\u00e1t a cookie-k letilt\u00e1sa vagy t\u00f6rl\u00e9se \u00e9rdek\u00e9ben.\n\nHa m\u00f3dos\u00edtani szeretn\u00e9 az adatv\u00e9delmi be\u00e1ll\u00edt\u00e1sokat, k\u00f6vesse a mobil b\u00f6ng\u00e9sz\u0151 fejleszt\u0151je \u00e1ltal megadott utas\u00edt\u00e1sokat.\n\nEzenk\u00edv\u00fcl itt tal\u00e1l n\u00e9h\u00e1ny p\u00e9ld\u00e1t olyan linkekre, amelyek seg\u00edts\u00e9g\u00e9vel m\u00f3dos\u00edthatja a mobil eszk\u00f6z\u00e9n az adatv\u00e9delmi be\u00e1ll\u00edt\u00e1sokat:\n<ul>\n \t<li><a title=\"IOS\" href=\"http:\/\/goo.gl\/61xevS\" target=\"_blank\" rel=\"noopener\">IOS<\/a><\/li>\n \t<li><a title=\"Windows Phone\" href=\"https:\/\/goo.gl\/tKyb0y\" target=\"_blank\" rel=\"noopener\">Windows Phone<\/a><\/li>\n \t<li><a title=\"Chrome Mobile\" href=\"http:\/\/goo.gl\/XJp7N\" target=\"_blank\" rel=\"noopener\">Chrome Mobile<\/a><\/li>\n \t<li><a title=\"Opera Mobile\" href=\"http:\/\/goo.gl\/Nzr8s7\" target=\"_blank\" rel=\"noopener\">Opera Mobile<\/a><\/li>\n<\/ul>\n<h2>A haszn\u00e1lt cookie-k:<\/h2>\n<script type=\"text\/javascript\" charset=\"UTF-8\"  data-cookiescriptreport=\"report\" src=\"\/\/report.cookie-script.com\/r\/89922aef13c6cfa6d921bc9b7b69335d.js\"><\/script>\t\t\t\t\t\t\t\t<\/div>\n\t\t\t\t\t<\/div>\n\t\t\t\t<\/div>\n\t\t\t\t<\/div>\n\t\t","protected":false},"excerpt":{"rendered":"<p>Pol\u00edtica de Cookies Ez a weboldal a Matricer\u00eda y Estampacion F. Segura, SLU tulajdon\u00e1t k\u00e9pezi. A weboldalra val\u00f3 bel\u00e9p\u00e9s az adatv\u00e9delmi ir\u00e1nyelvek ismeret\u00e9t \u00e9s elfogad\u00e1s\u00e1t jelenti. Az inform\u00e1ci\u00f3s t\u00e1rsadalom szolg\u00e1ltat\u00e1sair\u00f3l \u00e9s az elektronikus kereskedelemr\u0151l sz\u00f3l\u00f3, 2002. j\u00falius 11-i 34\/2002. sz. t\u00f6rv\u00e9ny (LSSI) 10. cikk\u00e9nek megfelel\u0151en az al\u00e1bbi azonos\u00edt\u00f3 adatokat tessz\u00fck k\u00f6zz\u00e9. Mik azok a cookie-k? [&hellip;]<\/p>\n","protected":false},"author":1,"featured_media":5979,"parent":0,"menu_order":0,"comment_status":"closed","ping_status":"closed","template":"page-templates\/home.php","meta":{"_acf_changed":false,"_eb_attr":"","footnotes":""},"class_list":["post-13447","page","type-page","status-publish","has-post-thumbnail","hentry"],"acf":[],"yoast_head":"<!-- This site is optimized with the Yoast SEO plugin v27.4 - https:\/\/yoast.com\/product\/yoast-seo-wordpress\/ -->\n<title>Cookie Szab\u00e1lyzat - Grupo Segura<\/title>\n<meta name=\"robots\" content=\"index, follow, max-snippet:-1, max-image-preview:large, max-video-preview:-1\" \/>\n<link rel=\"canonical\" href=\"https:\/\/www.fsegura.com\/hu\/cookie-szabalyzat\/\" \/>\n<meta property=\"og:locale\" content=\"hu_HU\" \/>\n<meta property=\"og:type\" content=\"article\" \/>\n<meta property=\"og:title\" content=\"Cookie Szab\u00e1lyzat - Grupo Segura\" \/>\n<meta property=\"og:description\" content=\"Pol\u00edtica de Cookies Ez a weboldal a Matricer\u00eda y Estampacion F. Segura, SLU tulajdon\u00e1t k\u00e9pezi. A weboldalra val\u00f3 bel\u00e9p\u00e9s az adatv\u00e9delmi ir\u00e1nyelvek ismeret\u00e9t \u00e9s elfogad\u00e1s\u00e1t jelenti. Az inform\u00e1ci\u00f3s t\u00e1rsadalom szolg\u00e1ltat\u00e1sair\u00f3l \u00e9s az elektronikus kereskedelemr\u0151l sz\u00f3l\u00f3, 2002. j\u00falius 11-i 34\/2002. sz. t\u00f6rv\u00e9ny (LSSI) 10. cikk\u00e9nek megfelel\u0151en az al\u00e1bbi azonos\u00edt\u00f3 adatokat tessz\u00fck k\u00f6zz\u00e9. Mik azok a cookie-k? [&hellip;]\" \/>\n<meta property=\"og:url\" content=\"https:\/\/www.fsegura.com\/hu\/cookie-szabalyzat\/\" \/>\n<meta property=\"og:site_name\" content=\"Grupo Segura\" \/>\n<meta property=\"article:modified_time\" content=\"2026-05-04T12:03:44+00:00\" \/>\n<meta property=\"og:image\" content=\"https:\/\/www.fsegura.com\/wp-content\/uploads\/2025\/10\/paterna-oficinas-02-1.jpg\" \/>\n\t<meta property=\"og:image:width\" content=\"609\" \/>\n\t<meta property=\"og:image:height\" content=\"455\" \/>\n\t<meta property=\"og:image:type\" content=\"image\/jpeg\" \/>\n<meta name=\"twitter:card\" content=\"summary_large_image\" \/>\n<meta name=\"twitter:label1\" content=\"Becs\u00fclt olvas\u00e1si id\u0151\" \/>\n\t<meta name=\"twitter:data1\" content=\"4 perc\" \/>\n<script type=\"application\/ld+json\" class=\"yoast-schema-graph\">{\"@context\":\"https:\\\/\\\/schema.org\",\"@graph\":[{\"@type\":\"WebPage\",\"@id\":\"https:\\\/\\\/www.fsegura.com\\\/hu\\\/cookie-szabalyzat\\\/\",\"url\":\"https:\\\/\\\/www.fsegura.com\\\/hu\\\/cookie-szabalyzat\\\/\",\"name\":\"Cookie Szab\u00e1lyzat - Grupo Segura\",\"isPartOf\":{\"@id\":\"https:\\\/\\\/www.fsegura.com\\\/hu\\\/#website\"},\"primaryImageOfPage\":{\"@id\":\"https:\\\/\\\/www.fsegura.com\\\/hu\\\/cookie-szabalyzat\\\/#primaryimage\"},\"image\":{\"@id\":\"https:\\\/\\\/www.fsegura.com\\\/hu\\\/cookie-szabalyzat\\\/#primaryimage\"},\"thumbnailUrl\":\"https:\\\/\\\/www.fsegura.com\\\/wp-content\\\/uploads\\\/2025\\\/10\\\/paterna-oficinas-02-1.jpg\",\"datePublished\":\"2026-03-31T06:32:53+00:00\",\"dateModified\":\"2026-05-04T12:03:44+00:00\",\"breadcrumb\":{\"@id\":\"https:\\\/\\\/www.fsegura.com\\\/hu\\\/cookie-szabalyzat\\\/#breadcrumb\"},\"inLanguage\":\"hu\",\"potentialAction\":[{\"@type\":\"ReadAction\",\"target\":[\"https:\\\/\\\/www.fsegura.com\\\/hu\\\/cookie-szabalyzat\\\/\"]}]},{\"@type\":\"ImageObject\",\"inLanguage\":\"hu\",\"@id\":\"https:\\\/\\\/www.fsegura.com\\\/hu\\\/cookie-szabalyzat\\\/#primaryimage\",\"url\":\"https:\\\/\\\/www.fsegura.com\\\/wp-content\\\/uploads\\\/2025\\\/10\\\/paterna-oficinas-02-1.jpg\",\"contentUrl\":\"https:\\\/\\\/www.fsegura.com\\\/wp-content\\\/uploads\\\/2025\\\/10\\\/paterna-oficinas-02-1.jpg\",\"width\":609,\"height\":455,\"caption\":\"paterna\"},{\"@type\":\"BreadcrumbList\",\"@id\":\"https:\\\/\\\/www.fsegura.com\\\/hu\\\/cookie-szabalyzat\\\/#breadcrumb\",\"itemListElement\":[{\"@type\":\"ListItem\",\"position\":1,\"name\":\"Portada\",\"item\":\"https:\\\/\\\/www.fsegura.com\\\/hu\\\/\"},{\"@type\":\"ListItem\",\"position\":2,\"name\":\"Pol\u00edtica de cookies HU\"}]},{\"@type\":\"WebSite\",\"@id\":\"https:\\\/\\\/www.fsegura.com\\\/hu\\\/#website\",\"url\":\"https:\\\/\\\/www.fsegura.com\\\/hu\\\/\",\"name\":\"Grupo Segura\",\"description\":\"Partner global para componentes de la automoci\u00f3n\",\"publisher\":{\"@id\":\"https:\\\/\\\/www.fsegura.com\\\/hu\\\/#organization\"},\"potentialAction\":[{\"@type\":\"SearchAction\",\"target\":{\"@type\":\"EntryPoint\",\"urlTemplate\":\"https:\\\/\\\/www.fsegura.com\\\/hu\\\/?s={search_term_string}\"},\"query-input\":{\"@type\":\"PropertyValueSpecification\",\"valueRequired\":true,\"valueName\":\"search_term_string\"}}],\"inLanguage\":\"hu\"},{\"@type\":\"Organization\",\"@id\":\"https:\\\/\\\/www.fsegura.com\\\/hu\\\/#organization\",\"name\":\"Grupo Segura\",\"url\":\"https:\\\/\\\/www.fsegura.com\\\/hu\\\/\",\"logo\":{\"@type\":\"ImageObject\",\"inLanguage\":\"hu\",\"@id\":\"https:\\\/\\\/www.fsegura.com\\\/hu\\\/#\\\/schema\\\/logo\\\/image\\\/\",\"url\":\"https:\\\/\\\/www.fsegura.com\\\/wp-content\\\/uploads\\\/2025\\\/09\\\/grupo-segura.jpg\",\"contentUrl\":\"https:\\\/\\\/www.fsegura.com\\\/wp-content\\\/uploads\\\/2025\\\/09\\\/grupo-segura.jpg\",\"width\":458,\"height\":136,\"caption\":\"Grupo Segura\"},\"image\":{\"@id\":\"https:\\\/\\\/www.fsegura.com\\\/hu\\\/#\\\/schema\\\/logo\\\/image\\\/\"}}]}<\/script>\n<!-- \/ Yoast SEO plugin. -->","yoast_head_json":{"title":"Cookie Szab\u00e1lyzat - Grupo Segura","robots":{"index":"index","follow":"follow","max-snippet":"max-snippet:-1","max-image-preview":"max-image-preview:large","max-video-preview":"max-video-preview:-1"},"canonical":"https:\/\/www.fsegura.com\/hu\/cookie-szabalyzat\/","og_locale":"hu_HU","og_type":"article","og_title":"Cookie Szab\u00e1lyzat - Grupo Segura","og_description":"Pol\u00edtica de Cookies Ez a weboldal a Matricer\u00eda y Estampacion F. Segura, SLU tulajdon\u00e1t k\u00e9pezi. A weboldalra val\u00f3 bel\u00e9p\u00e9s az adatv\u00e9delmi ir\u00e1nyelvek ismeret\u00e9t \u00e9s elfogad\u00e1s\u00e1t jelenti. Az inform\u00e1ci\u00f3s t\u00e1rsadalom szolg\u00e1ltat\u00e1sair\u00f3l \u00e9s az elektronikus kereskedelemr\u0151l sz\u00f3l\u00f3, 2002. j\u00falius 11-i 34\/2002. sz. t\u00f6rv\u00e9ny (LSSI) 10. cikk\u00e9nek megfelel\u0151en az al\u00e1bbi azonos\u00edt\u00f3 adatokat tessz\u00fck k\u00f6zz\u00e9. Mik azok a cookie-k? [&hellip;]","og_url":"https:\/\/www.fsegura.com\/hu\/cookie-szabalyzat\/","og_site_name":"Grupo Segura","article_modified_time":"2026-05-04T12:03:44+00:00","og_image":[{"width":609,"height":455,"url":"https:\/\/www.fsegura.com\/wp-content\/uploads\/2025\/10\/paterna-oficinas-02-1.jpg","type":"image\/jpeg"}],"twitter_card":"summary_large_image","twitter_misc":{"Becs\u00fclt olvas\u00e1si id\u0151":"4 perc"},"schema":{"@context":"https:\/\/schema.org","@graph":[{"@type":"WebPage","@id":"https:\/\/www.fsegura.com\/hu\/cookie-szabalyzat\/","url":"https:\/\/www.fsegura.com\/hu\/cookie-szabalyzat\/","name":"Cookie Szab\u00e1lyzat - Grupo Segura","isPartOf":{"@id":"https:\/\/www.fsegura.com\/hu\/#website"},"primaryImageOfPage":{"@id":"https:\/\/www.fsegura.com\/hu\/cookie-szabalyzat\/#primaryimage"},"image":{"@id":"https:\/\/www.fsegura.com\/hu\/cookie-szabalyzat\/#primaryimage"},"thumbnailUrl":"https:\/\/www.fsegura.com\/wp-content\/uploads\/2025\/10\/paterna-oficinas-02-1.jpg","datePublished":"2026-03-31T06:32:53+00:00","dateModified":"2026-05-04T12:03:44+00:00","breadcrumb":{"@id":"https:\/\/www.fsegura.com\/hu\/cookie-szabalyzat\/#breadcrumb"},"inLanguage":"hu","potentialAction":[{"@type":"ReadAction","target":["https:\/\/www.fsegura.com\/hu\/cookie-szabalyzat\/"]}]},{"@type":"ImageObject","inLanguage":"hu","@id":"https:\/\/www.fsegura.com\/hu\/cookie-szabalyzat\/#primaryimage","url":"https:\/\/www.fsegura.com\/wp-content\/uploads\/2025\/10\/paterna-oficinas-02-1.jpg","contentUrl":"https:\/\/www.fsegura.com\/wp-content\/uploads\/2025\/10\/paterna-oficinas-02-1.jpg","width":609,"height":455,"caption":"paterna"},{"@type":"BreadcrumbList","@id":"https:\/\/www.fsegura.com\/hu\/cookie-szabalyzat\/#breadcrumb","itemListElement":[{"@type":"ListItem","position":1,"name":"Portada","item":"https:\/\/www.fsegura.com\/hu\/"},{"@type":"ListItem","position":2,"name":"Pol\u00edtica de cookies HU"}]},{"@type":"WebSite","@id":"https:\/\/www.fsegura.com\/hu\/#website","url":"https:\/\/www.fsegura.com\/hu\/","name":"Grupo Segura","description":"Partner global para componentes de la automoci\u00f3n","publisher":{"@id":"https:\/\/www.fsegura.com\/hu\/#organization"},"potentialAction":[{"@type":"SearchAction","target":{"@type":"EntryPoint","urlTemplate":"https:\/\/www.fsegura.com\/hu\/?s={search_term_string}"},"query-input":{"@type":"PropertyValueSpecification","valueRequired":true,"valueName":"search_term_string"}}],"inLanguage":"hu"},{"@type":"Organization","@id":"https:\/\/www.fsegura.com\/hu\/#organization","name":"Grupo Segura","url":"https:\/\/www.fsegura.com\/hu\/","logo":{"@type":"ImageObject","inLanguage":"hu","@id":"https:\/\/www.fsegura.com\/hu\/#\/schema\/logo\/image\/","url":"https:\/\/www.fsegura.com\/wp-content\/uploads\/2025\/09\/grupo-segura.jpg","contentUrl":"https:\/\/www.fsegura.com\/wp-content\/uploads\/2025\/09\/grupo-segura.jpg","width":458,"height":136,"caption":"Grupo Segura"},"image":{"@id":"https:\/\/www.fsegura.com\/hu\/#\/schema\/logo\/image\/"}}]}},"_links":{"self":[{"href":"https:\/\/www.fsegura.com\/hu\/wp-json\/wp\/v2\/pages\/13447","targetHints":{"allow":["GET"]}}],"collection":[{"href":"https:\/\/www.fsegura.com\/hu\/wp-json\/wp\/v2\/pages"}],"about":[{"href":"https:\/\/www.fsegura.com\/hu\/wp-json\/wp\/v2\/types\/page"}],"author":[{"embeddable":true,"href":"https:\/\/www.fsegura.com\/hu\/wp-json\/wp\/v2\/users\/1"}],"replies":[{"embeddable":true,"href":"https:\/\/www.fsegura.com\/hu\/wp-json\/wp\/v2\/comments?post=13447"}],"version-history":[{"count":6,"href":"https:\/\/www.fsegura.com\/hu\/wp-json\/wp\/v2\/pages\/13447\/revisions"}],"predecessor-version":[{"id":14508,"href":"https:\/\/www.fsegura.com\/hu\/wp-json\/wp\/v2\/pages\/13447\/revisions\/14508"}],"wp:featuredmedia":[{"embeddable":true,"href":"https:\/\/www.fsegura.com\/hu\/wp-json\/wp\/v2\/media\/5979"}],"wp:attachment":[{"href":"https:\/\/www.fsegura.com\/hu\/wp-json\/wp\/v2\/media?parent=13447"}],"curies":[{"name":"wp","href":"https:\/\/api.w.org\/{rel}","templated":true}]}}