{"id":9842,"date":"2025-11-07T11:22:25","date_gmt":"2025-11-07T11:22:25","guid":{"rendered":"https:\/\/www.fsegura.com\/request-services\/"},"modified":"2026-03-12T15:13:57","modified_gmt":"2026-03-12T15:13:57","slug":"szolgaltatasok-igenylese","status":"publish","type":"page","link":"https:\/\/www.fsegura.com\/hu\/szolgaltatasok-igenylese\/","title":{"rendered":"Request services &#8211; form HU"},"content":{"rendered":"\t\t<div data-elementor-type=\"wp-page\" data-elementor-id=\"9842\" class=\"elementor elementor-9842 elementor-6307\" data-elementor-post-type=\"page\">\n\t\t\t\t<div class=\"elementor-element elementor-element-0df828c e-flex e-con-boxed e-con e-parent\" data-id=\"0df828c\" data-element_type=\"container\" data-e-type=\"container\" id=\"hero\" data-settings=\"{&quot;background_background&quot;:&quot;gradient&quot;}\">\n\t\t\t\t\t<div class=\"e-con-inner\">\n\t\t<div class=\"elementor-element elementor-element-2ec3325 e-con-full e-flex e-con e-child\" data-id=\"2ec3325\" data-element_type=\"container\" data-e-type=\"container\">\n\t\t\t\t<div class=\"elementor-element elementor-element-6e21769 elementor-widget elementor-widget-heading\" data-id=\"6e21769\" data-element_type=\"widget\" data-e-type=\"widget\" data-widget_type=\"heading.default\">\n\t\t\t\t\t<h2 class=\"elementor-heading-title elementor-size-default\">Miben seg\u00edthet\u00fcnk?<\/h2>\t\t\t\t<\/div>\n\t\t\t\t<div class=\"elementor-element elementor-element-5414eae titular-br elementor-widget elementor-widget-text-editor\" data-id=\"5414eae\" data-element_type=\"widget\" data-e-type=\"widget\" data-widget_type=\"text-editor.default\">\n\t\t\t\t\t\t\t\t\t<p>Szolg\u00e1ltat\u00e1sok ig\u00e9nyl\u00e9se<\/p>\t\t\t\t\t\t\t\t<\/div>\n\t\t\t\t<div class=\"elementor-element elementor-element-797fbae titular-br elementor-widget elementor-widget-text-editor\" data-id=\"797fbae\" data-element_type=\"widget\" data-e-type=\"widget\" data-widget_type=\"text-editor.default\">\n\t\t\t\t\t\t\t\t\t<p>K\u00e9rj\u00fck, t\u00f6ltse ki ezt az \u0171rlapot, \u00e9s adja meg adatait. Hamarosan felvessz\u00fck \u00d6nnel a kapcsolatot.<\/p>\t\t\t\t\t\t\t\t<\/div>\n\t\t\t\t<\/div>\n\t\t\t\t\t<\/div>\n\t\t\t\t<\/div>\n\t\t<div class=\"elementor-element elementor-element-56353c3 e-flex e-con-boxed e-con e-parent\" data-id=\"56353c3\" data-element_type=\"container\" data-e-type=\"container\" id=\"formulario\" data-settings=\"{&quot;background_background&quot;:&quot;classic&quot;}\">\n\t\t\t\t\t<div class=\"e-con-inner\">\n\t\t\t\t<div class=\"elementor-element elementor-element-18c9b40 elementor-widget__width-inherit ofertasempleo elementor-widget elementor-widget-aixor-contact-contactform\" data-id=\"18c9b40\" data-element_type=\"widget\" data-e-type=\"widget\" data-widget_type=\"aixor-contact-contactform.default\">\n\t\t\t\t<div class=\"elementor-widget-container\">\n\t\t\t\t\t        <!-- ===== Contact Start ===== -->\n        <div class=\"contact-sec-2\">\n            <div class=\"custom-container\">\n                \n<div class=\"wpcf7 no-js\" id=\"wpcf7-f13247-o1\" lang=\"hu-HU\" dir=\"ltr\" data-wpcf7-id=\"13247\">\n<div class=\"screen-reader-response\"><p role=\"status\" aria-live=\"polite\" aria-atomic=\"true\"><\/p> <ul><\/ul><\/div>\n<form action=\"\/hu\/wp-json\/wp\/v2\/pages\/9842#wpcf7-f13247-o1\" method=\"post\" class=\"wpcf7-form init\" aria-label=\"Kapcsolatfelv\u00e9teli \u0171rlap\" novalidate=\"novalidate\" data-status=\"init\">\n<fieldset class=\"hidden-fields-container\"><input type=\"hidden\" name=\"_wpcf7\" value=\"13247\" \/><input type=\"hidden\" name=\"_wpcf7_version\" value=\"6.1.5\" \/><input type=\"hidden\" name=\"_wpcf7_locale\" value=\"hu_HU\" \/><input type=\"hidden\" name=\"_wpcf7_unit_tag\" value=\"wpcf7-f13247-o1\" \/><input type=\"hidden\" name=\"_wpcf7_container_post\" value=\"0\" \/><input type=\"hidden\" name=\"_wpcf7_posted_data_hash\" value=\"\" \/>\n<\/fieldset>\n<p class=\"nombre\">N\u00e9v (*)\n<\/p>\n<p><span class=\"wpcf7-form-control-wrap\" data-name=\"Nombre\"><input size=\"40\" maxlength=\"400\" class=\"wpcf7-form-control wpcf7-text wpcf7-validates-as-required\" aria-required=\"true\" aria-invalid=\"false\" value=\"\" type=\"text\" name=\"Nombre\" \/><\/span>\n<\/p>\n<p> Vezet\u00e9kn\u00e9v(*)\n<\/p>\n<p><span class=\"wpcf7-form-control-wrap\" data-name=\"Apellidos\"><input size=\"40\" maxlength=\"400\" class=\"wpcf7-form-control wpcf7-text wpcf7-validates-as-required\" aria-required=\"true\" aria-invalid=\"false\" value=\"\" type=\"text\" name=\"Apellidos\" \/><\/span>\n<\/p>\n<p class=\"email\">E-mail (*)\n<\/p>\n<p><span class=\"wpcf7-form-control-wrap\" data-name=\"email\"><input size=\"40\" maxlength=\"400\" class=\"wpcf7-form-control wpcf7-email wpcf7-validates-as-required wpcf7-text wpcf7-validates-as-email\" aria-required=\"true\" aria-invalid=\"false\" value=\"\" type=\"email\" name=\"email\" \/><\/span>\n<\/p>\n<p class=\"telefono\">Telefonsz\u00e1m (*)\n<\/p>\n<p><span class=\"wpcf7-form-control-wrap\" data-name=\"telefono\"><input size=\"40\" maxlength=\"400\" class=\"wpcf7-form-control wpcf7-tel wpcf7-validates-as-required wpcf7-text wpcf7-validates-as-tel\" aria-required=\"true\" aria-invalid=\"false\" value=\"\" type=\"tel\" name=\"telefono\" \/><\/span>\n<\/p>\n<p> V\u00e1llalat (*)\n<\/p>\n<p><span class=\"wpcf7-form-control-wrap\" data-name=\"comapania\"><input size=\"40\" maxlength=\"400\" class=\"wpcf7-form-control wpcf7-text wpcf7-validates-as-required\" aria-required=\"true\" aria-invalid=\"false\" value=\"\" type=\"text\" name=\"comapania\" \/><\/span>\n<\/p>\n<p> Beoszt\u00e1s (*)\n<\/p>\n<p><span class=\"wpcf7-form-control-wrap\" data-name=\"Cargo\"><input size=\"40\" maxlength=\"400\" class=\"wpcf7-form-control wpcf7-text wpcf7-validates-as-required\" aria-required=\"true\" aria-invalid=\"false\" value=\"\" type=\"text\" name=\"Cargo\" \/><\/span>\n<\/p>\n<p>K\u00e9rd\u00e9s (*)\n<\/p>\n<p><span class=\"wpcf7-form-control-wrap\" data-name=\"Consulta\"><textarea cols=\"40\" rows=\"10\" maxlength=\"2000\" class=\"wpcf7-form-control wpcf7-textarea wpcf7-validates-as-required\" aria-required=\"true\" aria-invalid=\"false\" name=\"Consulta\"><\/textarea><\/span>\n<\/p>\n<p>(*) K\u00f6telez\u0151 mez\u0151k\n<\/p>\n<p><br \/>\n<span class=\"wpcf7-form-control-wrap\" data-name=\"legal\"><span class=\"wpcf7-form-control wpcf7-acceptance\"><span class=\"wpcf7-list-item\"><label><input type=\"checkbox\" name=\"legal\" value=\"1\" aria-invalid=\"false\" \/><span class=\"wpcf7-list-item-label\">Elfogadom az <a href=\"https:\/\/www.fsegura.com\/hu\/adatkezelesi-szabalyzat\/\" style=\"color:#006db7; font-size:15px;\">adatv\u00e9delmi ir\u00e1nyelveket<\/a>.<\/span><\/label><\/span><\/span><\/span>\n<\/p>\n<p><input class=\"wpcf7-form-control wpcf7-submit has-spinner\" type=\"submit\" value=\"K\u00fcld\u00e9s\" \/>\n<\/p><p style=\"display: none !important;\" class=\"akismet-fields-container\" data-prefix=\"_wpcf7_ak_\"><label>&#916;<textarea name=\"_wpcf7_ak_hp_textarea\" cols=\"45\" rows=\"8\" maxlength=\"100\"><\/textarea><\/label><input type=\"hidden\" id=\"ak_js_1\" name=\"_wpcf7_ak_js\" value=\"97\"\/><script>\ndocument.getElementById( \"ak_js_1\" ).setAttribute( \"value\", ( new Date() ).getTime() );\n<\/script>\n<\/p><div class=\"wpcf7-response-output\" aria-hidden=\"true\"><\/div>\n<\/form>\n<\/div>\n            <\/div>\n        <\/div>\n        <!-- ===== Contact End ===== -->\n        \t\t\t\t<\/div>\n\t\t\t\t<\/div>\n\t\t\t\t\t<\/div>\n\t\t\t\t<\/div>\n\t\t\t\t<\/div>\n\t\t","protected":false},"excerpt":{"rendered":"<p>Miben seg\u00edthet\u00fcnk? Szolg\u00e1ltat\u00e1sok ig\u00e9nyl\u00e9se K\u00e9rj\u00fck, t\u00f6ltse ki ezt az \u0171rlapot, \u00e9s adja meg adatait. Hamarosan felvessz\u00fck \u00d6nnel a kapcsolatot. N\u00e9v (*) Vezet\u00e9kn\u00e9v(*) E-mail (*) Telefonsz\u00e1m (*) V\u00e1llalat (*) Beoszt\u00e1s (*) K\u00e9rd\u00e9s (*) (*) K\u00f6telez\u0151 mez\u0151k Elfogadom az adatv\u00e9delmi ir\u00e1nyelveket.<\/p>\n","protected":false},"author":1,"featured_media":5979,"parent":0,"menu_order":0,"comment_status":"closed","ping_status":"closed","template":"page-templates\/home.php","meta":{"_acf_changed":false,"_eb_attr":"","footnotes":""},"class_list":["post-9842","page","type-page","status-publish","has-post-thumbnail","hentry"],"acf":[],"yoast_head":"<!-- This site is optimized with the Yoast SEO plugin v27.4 - https:\/\/yoast.com\/product\/yoast-seo-wordpress\/ -->\n<title>Szolg\u00e1ltat\u00e1sok ig\u00e9nyl\u00e9se a Grupo Segura-t\u00f3l<\/title>\n<meta name=\"description\" content=\"Ha \u00d6n OEM vagy Tier 1 gy\u00e1rt\u00f3, t\u00f6ltse ki az \u0171rlapot el\u00e9rhet\u0151s\u00e9gi adataival, \u00e9s a Grupo Segura felveszi \u00d6nnel a kapcsolatot.\" \/>\n<meta name=\"robots\" content=\"index, follow, max-snippet:-1, max-image-preview:large, max-video-preview:-1\" \/>\n<link rel=\"canonical\" href=\"https:\/\/www.fsegura.com\/hu\/szolgaltatasok-igenylese\/\" \/>\n<meta property=\"og:locale\" content=\"hu_HU\" \/>\n<meta property=\"og:type\" content=\"article\" \/>\n<meta property=\"og:title\" content=\"Szolg\u00e1ltat\u00e1sok ig\u00e9nyl\u00e9se a Grupo Segura-t\u00f3l\" \/>\n<meta property=\"og:description\" content=\"Ha \u00d6n OEM vagy Tier 1 gy\u00e1rt\u00f3, t\u00f6ltse ki az \u0171rlapot el\u00e9rhet\u0151s\u00e9gi adataival, \u00e9s a Grupo Segura felveszi \u00d6nnel a kapcsolatot.\" \/>\n<meta property=\"og:url\" content=\"https:\/\/www.fsegura.com\/hu\/szolgaltatasok-igenylese\/\" \/>\n<meta property=\"og:site_name\" content=\"Grupo Segura\" \/>\n<meta property=\"article:modified_time\" content=\"2026-03-12T15:13:57+00:00\" \/>\n<meta property=\"og:image\" content=\"https:\/\/www.fsegura.com\/wp-content\/uploads\/2025\/10\/paterna-oficinas-02-1.jpg\" \/>\n\t<meta property=\"og:image:width\" content=\"609\" \/>\n\t<meta property=\"og:image:height\" content=\"455\" \/>\n\t<meta property=\"og:image:type\" content=\"image\/jpeg\" \/>\n<meta name=\"twitter:card\" content=\"summary_large_image\" \/>\n<meta name=\"twitter:label1\" content=\"Becs\u00fclt olvas\u00e1si id\u0151\" \/>\n\t<meta name=\"twitter:data1\" content=\"1 perc\" \/>\n<script type=\"application\/ld+json\" class=\"yoast-schema-graph\">{\"@context\":\"https:\\\/\\\/schema.org\",\"@graph\":[{\"@type\":\"WebPage\",\"@id\":\"https:\\\/\\\/www.fsegura.com\\\/hu\\\/szolgaltatasok-igenylese\\\/\",\"url\":\"https:\\\/\\\/www.fsegura.com\\\/hu\\\/szolgaltatasok-igenylese\\\/\",\"name\":\"Szolg\u00e1ltat\u00e1sok ig\u00e9nyl\u00e9se a Grupo Segura-t\u00f3l\",\"isPartOf\":{\"@id\":\"https:\\\/\\\/www.fsegura.com\\\/hu\\\/#website\"},\"primaryImageOfPage\":{\"@id\":\"https:\\\/\\\/www.fsegura.com\\\/hu\\\/szolgaltatasok-igenylese\\\/#primaryimage\"},\"image\":{\"@id\":\"https:\\\/\\\/www.fsegura.com\\\/hu\\\/szolgaltatasok-igenylese\\\/#primaryimage\"},\"thumbnailUrl\":\"https:\\\/\\\/www.fsegura.com\\\/wp-content\\\/uploads\\\/2025\\\/10\\\/paterna-oficinas-02-1.jpg\",\"datePublished\":\"2025-11-07T11:22:25+00:00\",\"dateModified\":\"2026-03-12T15:13:57+00:00\",\"description\":\"Ha \u00d6n OEM vagy Tier 1 gy\u00e1rt\u00f3, t\u00f6ltse ki az \u0171rlapot el\u00e9rhet\u0151s\u00e9gi adataival, \u00e9s a Grupo Segura felveszi \u00d6nnel a kapcsolatot.\",\"breadcrumb\":{\"@id\":\"https:\\\/\\\/www.fsegura.com\\\/hu\\\/szolgaltatasok-igenylese\\\/#breadcrumb\"},\"inLanguage\":\"hu\",\"potentialAction\":[{\"@type\":\"ReadAction\",\"target\":[\"https:\\\/\\\/www.fsegura.com\\\/hu\\\/szolgaltatasok-igenylese\\\/\"]}]},{\"@type\":\"ImageObject\",\"inLanguage\":\"hu\",\"@id\":\"https:\\\/\\\/www.fsegura.com\\\/hu\\\/szolgaltatasok-igenylese\\\/#primaryimage\",\"url\":\"https:\\\/\\\/www.fsegura.com\\\/wp-content\\\/uploads\\\/2025\\\/10\\\/paterna-oficinas-02-1.jpg\",\"contentUrl\":\"https:\\\/\\\/www.fsegura.com\\\/wp-content\\\/uploads\\\/2025\\\/10\\\/paterna-oficinas-02-1.jpg\",\"width\":609,\"height\":455,\"caption\":\"paterna\"},{\"@type\":\"BreadcrumbList\",\"@id\":\"https:\\\/\\\/www.fsegura.com\\\/hu\\\/szolgaltatasok-igenylese\\\/#breadcrumb\",\"itemListElement\":[{\"@type\":\"ListItem\",\"position\":1,\"name\":\"Portada\",\"item\":\"https:\\\/\\\/www.fsegura.com\\\/hu\\\/\"},{\"@type\":\"ListItem\",\"position\":2,\"name\":\"Request services &#8211; form HU\"}]},{\"@type\":\"WebSite\",\"@id\":\"https:\\\/\\\/www.fsegura.com\\\/hu\\\/#website\",\"url\":\"https:\\\/\\\/www.fsegura.com\\\/hu\\\/\",\"name\":\"Grupo Segura\",\"description\":\"Partner global para componentes de la automoci\u00f3n\",\"publisher\":{\"@id\":\"https:\\\/\\\/www.fsegura.com\\\/hu\\\/#organization\"},\"potentialAction\":[{\"@type\":\"SearchAction\",\"target\":{\"@type\":\"EntryPoint\",\"urlTemplate\":\"https:\\\/\\\/www.fsegura.com\\\/hu\\\/?s={search_term_string}\"},\"query-input\":{\"@type\":\"PropertyValueSpecification\",\"valueRequired\":true,\"valueName\":\"search_term_string\"}}],\"inLanguage\":\"hu\"},{\"@type\":\"Organization\",\"@id\":\"https:\\\/\\\/www.fsegura.com\\\/hu\\\/#organization\",\"name\":\"Grupo Segura\",\"url\":\"https:\\\/\\\/www.fsegura.com\\\/hu\\\/\",\"logo\":{\"@type\":\"ImageObject\",\"inLanguage\":\"hu\",\"@id\":\"https:\\\/\\\/www.fsegura.com\\\/hu\\\/#\\\/schema\\\/logo\\\/image\\\/\",\"url\":\"https:\\\/\\\/www.fsegura.com\\\/wp-content\\\/uploads\\\/2025\\\/09\\\/grupo-segura.jpg\",\"contentUrl\":\"https:\\\/\\\/www.fsegura.com\\\/wp-content\\\/uploads\\\/2025\\\/09\\\/grupo-segura.jpg\",\"width\":458,\"height\":136,\"caption\":\"Grupo Segura\"},\"image\":{\"@id\":\"https:\\\/\\\/www.fsegura.com\\\/hu\\\/#\\\/schema\\\/logo\\\/image\\\/\"}}]}<\/script>\n<!-- \/ Yoast SEO plugin. -->","yoast_head_json":{"title":"Szolg\u00e1ltat\u00e1sok ig\u00e9nyl\u00e9se a Grupo Segura-t\u00f3l","description":"Ha \u00d6n OEM vagy Tier 1 gy\u00e1rt\u00f3, t\u00f6ltse ki az \u0171rlapot el\u00e9rhet\u0151s\u00e9gi adataival, \u00e9s a Grupo Segura felveszi \u00d6nnel a kapcsolatot.","robots":{"index":"index","follow":"follow","max-snippet":"max-snippet:-1","max-image-preview":"max-image-preview:large","max-video-preview":"max-video-preview:-1"},"canonical":"https:\/\/www.fsegura.com\/hu\/szolgaltatasok-igenylese\/","og_locale":"hu_HU","og_type":"article","og_title":"Szolg\u00e1ltat\u00e1sok ig\u00e9nyl\u00e9se a Grupo Segura-t\u00f3l","og_description":"Ha \u00d6n OEM vagy Tier 1 gy\u00e1rt\u00f3, t\u00f6ltse ki az \u0171rlapot el\u00e9rhet\u0151s\u00e9gi adataival, \u00e9s a Grupo Segura felveszi \u00d6nnel a kapcsolatot.","og_url":"https:\/\/www.fsegura.com\/hu\/szolgaltatasok-igenylese\/","og_site_name":"Grupo Segura","article_modified_time":"2026-03-12T15:13:57+00:00","og_image":[{"width":609,"height":455,"url":"https:\/\/www.fsegura.com\/wp-content\/uploads\/2025\/10\/paterna-oficinas-02-1.jpg","type":"image\/jpeg"}],"twitter_card":"summary_large_image","twitter_misc":{"Becs\u00fclt olvas\u00e1si id\u0151":"1 perc"},"schema":{"@context":"https:\/\/schema.org","@graph":[{"@type":"WebPage","@id":"https:\/\/www.fsegura.com\/hu\/szolgaltatasok-igenylese\/","url":"https:\/\/www.fsegura.com\/hu\/szolgaltatasok-igenylese\/","name":"Szolg\u00e1ltat\u00e1sok ig\u00e9nyl\u00e9se a Grupo Segura-t\u00f3l","isPartOf":{"@id":"https:\/\/www.fsegura.com\/hu\/#website"},"primaryImageOfPage":{"@id":"https:\/\/www.fsegura.com\/hu\/szolgaltatasok-igenylese\/#primaryimage"},"image":{"@id":"https:\/\/www.fsegura.com\/hu\/szolgaltatasok-igenylese\/#primaryimage"},"thumbnailUrl":"https:\/\/www.fsegura.com\/wp-content\/uploads\/2025\/10\/paterna-oficinas-02-1.jpg","datePublished":"2025-11-07T11:22:25+00:00","dateModified":"2026-03-12T15:13:57+00:00","description":"Ha \u00d6n OEM vagy Tier 1 gy\u00e1rt\u00f3, t\u00f6ltse ki az \u0171rlapot el\u00e9rhet\u0151s\u00e9gi adataival, \u00e9s a Grupo Segura felveszi \u00d6nnel a kapcsolatot.","breadcrumb":{"@id":"https:\/\/www.fsegura.com\/hu\/szolgaltatasok-igenylese\/#breadcrumb"},"inLanguage":"hu","potentialAction":[{"@type":"ReadAction","target":["https:\/\/www.fsegura.com\/hu\/szolgaltatasok-igenylese\/"]}]},{"@type":"ImageObject","inLanguage":"hu","@id":"https:\/\/www.fsegura.com\/hu\/szolgaltatasok-igenylese\/#primaryimage","url":"https:\/\/www.fsegura.com\/wp-content\/uploads\/2025\/10\/paterna-oficinas-02-1.jpg","contentUrl":"https:\/\/www.fsegura.com\/wp-content\/uploads\/2025\/10\/paterna-oficinas-02-1.jpg","width":609,"height":455,"caption":"paterna"},{"@type":"BreadcrumbList","@id":"https:\/\/www.fsegura.com\/hu\/szolgaltatasok-igenylese\/#breadcrumb","itemListElement":[{"@type":"ListItem","position":1,"name":"Portada","item":"https:\/\/www.fsegura.com\/hu\/"},{"@type":"ListItem","position":2,"name":"Request services &#8211; form HU"}]},{"@type":"WebSite","@id":"https:\/\/www.fsegura.com\/hu\/#website","url":"https:\/\/www.fsegura.com\/hu\/","name":"Grupo Segura","description":"Partner global para componentes de la automoci\u00f3n","publisher":{"@id":"https:\/\/www.fsegura.com\/hu\/#organization"},"potentialAction":[{"@type":"SearchAction","target":{"@type":"EntryPoint","urlTemplate":"https:\/\/www.fsegura.com\/hu\/?s={search_term_string}"},"query-input":{"@type":"PropertyValueSpecification","valueRequired":true,"valueName":"search_term_string"}}],"inLanguage":"hu"},{"@type":"Organization","@id":"https:\/\/www.fsegura.com\/hu\/#organization","name":"Grupo Segura","url":"https:\/\/www.fsegura.com\/hu\/","logo":{"@type":"ImageObject","inLanguage":"hu","@id":"https:\/\/www.fsegura.com\/hu\/#\/schema\/logo\/image\/","url":"https:\/\/www.fsegura.com\/wp-content\/uploads\/2025\/09\/grupo-segura.jpg","contentUrl":"https:\/\/www.fsegura.com\/wp-content\/uploads\/2025\/09\/grupo-segura.jpg","width":458,"height":136,"caption":"Grupo Segura"},"image":{"@id":"https:\/\/www.fsegura.com\/hu\/#\/schema\/logo\/image\/"}}]}},"_links":{"self":[{"href":"https:\/\/www.fsegura.com\/hu\/wp-json\/wp\/v2\/pages\/9842","targetHints":{"allow":["GET"]}}],"collection":[{"href":"https:\/\/www.fsegura.com\/hu\/wp-json\/wp\/v2\/pages"}],"about":[{"href":"https:\/\/www.fsegura.com\/hu\/wp-json\/wp\/v2\/types\/page"}],"author":[{"embeddable":true,"href":"https:\/\/www.fsegura.com\/hu\/wp-json\/wp\/v2\/users\/1"}],"replies":[{"embeddable":true,"href":"https:\/\/www.fsegura.com\/hu\/wp-json\/wp\/v2\/comments?post=9842"}],"version-history":[{"count":0,"href":"https:\/\/www.fsegura.com\/hu\/wp-json\/wp\/v2\/pages\/9842\/revisions"}],"wp:featuredmedia":[{"embeddable":true,"href":"https:\/\/www.fsegura.com\/hu\/wp-json\/wp\/v2\/media\/5979"}],"wp:attachment":[{"href":"https:\/\/www.fsegura.com\/hu\/wp-json\/wp\/v2\/media?parent=9842"}],"curies":[{"name":"wp","href":"https:\/\/api.w.org\/{rel}","templated":true}]}}