{"id":9847,"date":"2025-11-07T12:02:17","date_gmt":"2025-11-07T12:02:17","guid":{"rendered":"https:\/\/www.fsegura.com\/safe-working-group\/"},"modified":"2026-04-01T11:53:52","modified_gmt":"2026-04-01T11:53:52","slug":"biztonsagos-munkacsoport","status":"publish","type":"page","link":"https:\/\/www.fsegura.com\/hu\/biztonsagos-munkacsoport\/","title":{"rendered":"Work at Grupo Segura &#8211; job search engine HU"},"content":{"rendered":"\t\t<div data-elementor-type=\"wp-page\" data-elementor-id=\"9847\" class=\"elementor elementor-9847 elementor-6354\" data-elementor-post-type=\"page\">\n\t\t\t\t<div class=\"elementor-element elementor-element-0df828c e-flex e-con-boxed e-con e-parent\" data-id=\"0df828c\" data-element_type=\"container\" data-e-type=\"container\" id=\"hero\" data-settings=\"{&quot;background_background&quot;:&quot;gradient&quot;,&quot;position&quot;:&quot;fixed&quot;}\">\n\t\t\t\t\t<div class=\"e-con-inner\">\n\t\t<div class=\"elementor-element elementor-element-2ec3325 e-con-full e-flex e-con e-child\" data-id=\"2ec3325\" data-element_type=\"container\" data-e-type=\"container\">\n\t\t\t\t<div class=\"elementor-element elementor-element-6e21769 elementor-widget elementor-widget-heading\" data-id=\"6e21769\" data-element_type=\"widget\" data-e-type=\"widget\" data-widget_type=\"heading.default\">\n\t\t\t\t\t<h2 class=\"elementor-heading-title elementor-size-default\"><a href=\"https:\/\/www.fsegura.com\/trabaja-grupo-segura\/\">Munka a Grupo Segura-n\u00e1l<\/a><\/h2>\t\t\t\t<\/div>\n\t\t\t\t<div class=\"elementor-element elementor-element-2dcac51 elementor-widget elementor-widget-heading\" data-id=\"2dcac51\" data-element_type=\"widget\" data-e-type=\"widget\" data-widget_type=\"heading.default\">\n\t\t\t\t\t<h1 class=\"elementor-heading-title elementor-size-default\">Kiv\u00e1l\u00f3 lehet\u0151s\u00e9gek szem\u00e9lyes \u00e9s szakmai fejl\u0151d\u00e9s\u00e9hez<\/h1>\t\t\t\t<\/div>\n\t\t\t\t<div class=\"elementor-element elementor-element-797fbae titular-br elementor-widget elementor-widget-text-editor\" data-id=\"797fbae\" data-element_type=\"widget\" data-e-type=\"widget\" data-widget_type=\"text-editor.default\">\n\t\t\t\t\t\t\t\t\t<p>Csatlakozzon egy soksz\u00edn\u0171, glob\u00e1lis szervezethez, amely folyamatosan t\u00f6rekszik a fejleszt\u00e9sre \u00e9s innovat\u00edv megold\u00e1sok ny\u00fajt\u00e1s\u00e1ra a rendk\u00edv\u00fcl versenyk\u00e9pes \u00e9s ig\u00e9nyes aut\u00f3iparban.<\/p>\t\t\t\t\t\t\t\t<\/div>\n\t\t\t\t<\/div>\n\t\t<div class=\"elementor-element elementor-element-e12498d e-con-full e-flex e-con e-child\" data-id=\"e12498d\" data-element_type=\"container\" data-e-type=\"container\">\n\t\t\t\t<div class=\"elementor-element elementor-element-d4624f2 elementor-widget elementor-widget-heading\" data-id=\"d4624f2\" data-element_type=\"widget\" data-e-type=\"widget\" data-widget_type=\"heading.default\">\n\t\t\t\t\t<h2 class=\"elementor-heading-title elementor-size-default\">Aktu\u00e1lis \u00e1ll\u00e1saj\u00e1nlatok<\/h2>\t\t\t\t<\/div>\n\t\t\t\t<div class=\"elementor-element elementor-element-98af8f1 elementor-widget__width-inherit elementor-widget elementor-widget-shortcode\" data-id=\"98af8f1\" data-element_type=\"widget\" data-e-type=\"widget\" data-widget_type=\"shortcode.default\">\n\t\t\t\t\t\t\t<div class=\"elementor-shortcode\"><form role=\"search\" method=\"get\" class=\"search-form\" action=\"https:\/\/www.fsegura.com\/hu\/trabaja-grupo-segura\/\">\n                     <div class=\"buscador\">\n                        <div class=\"item-buscador\">\n                            <select aria-invalid=\"false\" class=\"wpcf7-form-control wpcf7-select obligatorio\" name=\"pais\" id=\"pais\"><option value=\"\"> Orsz\u00e1g<\/option> <option value=\"ES\" >Spanyolorsz\u00e1g<\/option> <option value=\"DE\" >N\u00e9metorsz\u00e1g<\/option> <option value=\"HU\" >Magyarorsz\u00e1g<\/option> <\/select>\n                        <\/div>\n                        <div class=\"item-buscador\">\n\t\t\t\t\t\t     <select aria-invalid=\"false\" class=\"wpcf7-form-control wpcf7-select obligatorio\" name=\"planta\" id=\"planta\"><option value=\"\"> \u00dczem<\/option> <option value=\"Paterna Headquarters\" >Paterna Headquarters<\/option> <option value=\"Almussafes\" >Almussafes<\/option> <option value=\"Vigo\" >Vigo<\/option> <option value=\"Eisenach\" >Eisenach<\/option> <option value=\"Treuenbrietzen\" >Treuenbrietzen<\/option> <option value=\"Szolnok\" >Szolnok<\/option> <\/select>\n                        <\/div>\n                        <div class=\"boton-buscar\">\n                            <button type=\"submit\" class=\"\">Aj\u00e1nlat keres\u00e9se<\/button>\n                        <\/div>\n                        <\/div>\n                     <\/form><\/div>\n\t\t\t\t\t\t<\/div>\n\t\t\t\t<\/div>\n\t\t\t\t\t<\/div>\n\t\t\t\t<\/div>\n\t\t<div class=\"elementor-element elementor-element-28de844 e-con-full e-flex e-con e-parent\" data-id=\"28de844\" data-element_type=\"container\" data-e-type=\"container\" data-settings=\"{&quot;background_background&quot;:&quot;classic&quot;}\">\n\t\t<div class=\"elementor-element elementor-element-8dea4c7 e-con-full elementor-hidden-tablet elementor-hidden-mobile e-flex e-con e-child\" data-id=\"8dea4c7\" data-element_type=\"container\" data-e-type=\"container\">\n\t\t\t\t<div class=\"elementor-element elementor-element-76fce73 elementor-widget elementor-widget-image\" data-id=\"76fce73\" data-element_type=\"widget\" data-e-type=\"widget\" data-widget_type=\"image.default\">\n\t\t\t\t\t\t\t\t\t\t\t\t\t\t\t<img fetchpriority=\"high\" decoding=\"async\" width=\"887\" height=\"900\" src=\"https:\/\/www.fsegura.com\/wp-content\/uploads\/2025\/11\/ofertas-empleo.jpg\" class=\"attachment-full size-full wp-image-6663\" alt=\"ofertas\" srcset=\"https:\/\/www.fsegura.com\/wp-content\/uploads\/2025\/11\/ofertas-empleo.jpg 887w, https:\/\/www.fsegura.com\/wp-content\/uploads\/2025\/11\/ofertas-empleo-296x300.jpg 296w, https:\/\/www.fsegura.com\/wp-content\/uploads\/2025\/11\/ofertas-empleo-768x779.jpg 768w, https:\/\/www.fsegura.com\/wp-content\/uploads\/2025\/11\/ofertas-empleo-80x80.jpg 80w, https:\/\/www.fsegura.com\/wp-content\/uploads\/2025\/11\/ofertas-empleo-258x262.jpg 258w, https:\/\/www.fsegura.com\/wp-content\/uploads\/2025\/11\/ofertas-empleo-394x400.jpg 394w\" sizes=\"(max-width: 887px) 100vw, 887px\" \/>\t\t\t\t\t\t\t\t\t\t\t\t\t\t\t<\/div>\n\t\t\t\t<\/div>\n\t\t<div class=\"elementor-element elementor-element-0732ceb e-con-full e-flex e-con e-child\" data-id=\"0732ceb\" data-element_type=\"container\" data-e-type=\"container\">\n\t\t\t\t<div class=\"elementor-element elementor-element-c1721a5 elementor-widget__width-inherit elementor-widget elementor-widget-shortcode\" data-id=\"c1721a5\" data-element_type=\"widget\" data-e-type=\"widget\" data-widget_type=\"shortcode.default\">\n\t\t\t\t\t\t\t<div class=\"elementor-shortcode\"><div class=\"container-ofertas\">\r\n\t\t\t\t<ul class=\"container-inner flex-container space-between\">\r\n\t\t\t\t\t<a href=\"https:\/\/www.fsegura.com\/hu\/allasajanlat\/responsable-de-mantenimiento-\/\">\r\n\t\t\t\t\t<li class=\"item-list flex-item\">\r\n\t\t\t\t\t     <div class=\"tit-planta-list item-list\">\r\n                                Almussafes\r\n                         <\/div>\r\n\t\t\t\t\t\t<div class=\"tit-oferta-list item-list\"><\/div>\r\n\t\t\t\t\t\t<div class=\"resumen-oferta-list\"><\/div>\r\n\t\t\t\t\t<\/li>\r\n\t\t\t\t\t<\/a>\r\n\t\t\t\t<\/ul>\r\n\t\t\t\t<ul class=\"container-inner flex-container space-between\">\r\n\t\t\t\t\t<a href=\"https:\/\/www.fsegura.com\/hu\/allasajanlat\/ingeniero-a-de-procesos-lanzamiento-y-utillajes-de-estampacion-\/\">\r\n\t\t\t\t\t<li class=\"item-list flex-item\">\r\n\t\t\t\t\t     <div class=\"tit-planta-list item-list\">\r\n                                Paterna Headquarters\r\n                         <\/div>\r\n\t\t\t\t\t\t<div class=\"tit-oferta-list item-list\">Process Engineer \u2013 Launch and Stamping Tooling<\/div>\r\n\t\t\t\t\t\t<div class=\"resumen-oferta-list\">We have a permanent vacancy for a Process Engineer specialising in product launches and stamping tooling, to join our offices in Paterna. MISSION We are looking for someone who wants to be part of rea...<\/div>\r\n\t\t\t\t\t<\/li>\r\n\t\t\t\t\t<\/a>\r\n\t\t\t\t<\/ul>\r\n\t\t\t\t<ul class=\"container-inner flex-container space-between\">\r\n\t\t\t\t\t<a href=\"https:\/\/www.fsegura.com\/hu\/allasajanlat\/ingeniero-a-de-proyectos-con-aleman--1\/\">\r\n\t\t\t\t\t<li class=\"item-list flex-item\">\r\n\t\t\t\t\t     <div class=\"tit-planta-list item-list\">\r\n                                Paterna Headquarters\r\n                         <\/div>\r\n\t\t\t\t\t\t<div class=\"tit-oferta-list item-list\">Project Engineer <\/div>\r\n\t\t\t\t\t\t<div class=\"resumen-oferta-list\">SEGURA is an industrial group specialised in the design, development and industrialisation of metal parts and components for the automotive industry, mainly through stamping and welding processes. At...<\/div>\r\n\t\t\t\t\t<\/li>\r\n\t\t\t\t\t<\/a>\r\n\t\t\t\t<\/ul>\r\n\t\t\t\t<ul class=\"container-inner flex-container space-between\">\r\n\t\t\t\t\t<a href=\"https:\/\/www.fsegura.com\/hu\/allasajanlat\/ingeniero-a-de-proyectos--\/\">\r\n\t\t\t\t\t<li class=\"item-list flex-item\">\r\n\t\t\t\t\t     <div class=\"tit-planta-list item-list\">\r\n                                Paterna Headquarters\r\n                         <\/div>\r\n\t\t\t\t\t\t<div class=\"tit-oferta-list item-list\"> Project Engineer<\/div>\r\n\t\t\t\t\t\t<div class=\"resumen-oferta-list\">We are hiring for a permanent position as a Project Engineer at our offices in Paterna. MISSION Develop project plans and monitor their implementation in accordance with the quality, cost, and timelin...<\/div>\r\n\t\t\t\t\t<\/li>\r\n\t\t\t\t\t<\/a>\r\n\t\t\t\t<\/ul><\/div> <\/div>\n\t\t\t\t\t\t<\/div>\n\t\t\t\t<div class=\"elementor-element elementor-element-863470c elementor-widget-tablet__width-initial elementor-widget-mobile__width-inherit elementor-widget elementor-widget-heading\" data-id=\"863470c\" data-element_type=\"widget\" data-e-type=\"widget\" data-widget_type=\"heading.default\">\n\t\t\t\t\t<h3 class=\"elementor-heading-title elementor-size-default\">Szeretne csatlakozni a csapatunkhoz?<\/h3>\t\t\t\t<\/div>\n\t\t\t\t<div class=\"elementor-element elementor-element-73cbbd2 elementor-widget elementor-widget-text-editor\" data-id=\"73cbbd2\" data-element_type=\"widget\" data-e-type=\"widget\" data-widget_type=\"text-editor.default\">\n\t\t\t\t\t\t\t\t\t<p>Csatlakozzon a Grupo Segura \u00e1ll\u00e1sbankj\u00e1hoz, k\u00fcldje el nek\u00fcnk \u00f6n\u00e9letrajz\u00e1t.<\/p>\t\t\t\t\t\t\t\t<\/div>\n\t\t\t\t<div class=\"elementor-element elementor-element-0561ba2 elementor-align-left bot-icono-negro elementor-widget elementor-widget-button\" data-id=\"0561ba2\" data-element_type=\"widget\" data-e-type=\"widget\" data-widget_type=\"button.default\">\n\t\t\t\t\t\t\t\t\t\t<a class=\"elementor-button elementor-button-link elementor-size-sm\" href=\"https:\/\/www.fsegura.com\/hu\/oneletrajz-kuldese\/\" target=\"_blank\">\n\t\t\t\t\t\t<span class=\"elementor-button-content-wrapper\">\n\t\t\t\t\t\t\t\t\t<span class=\"elementor-button-text\">\u00d6n\u00e9letrajz k\u00fcld\u00e9se<\/span>\n\t\t\t\t\t<\/span>\n\t\t\t\t\t<\/a>\n\t\t\t\t\t\t\t\t<\/div>\n\t\t\t\t<\/div>\n\t\t\t\t<\/div>\n\t\t\t\t<\/div>\n\t\t","protected":false},"excerpt":{"rendered":"<p>Munka a Grupo Segura-n\u00e1l Kiv\u00e1l\u00f3 lehet\u0151s\u00e9gek szem\u00e9lyes \u00e9s szakmai fejl\u0151d\u00e9s\u00e9hez Csatlakozzon egy soksz\u00edn\u0171, glob\u00e1lis szervezethez, amely folyamatosan t\u00f6rekszik a fejleszt\u00e9sre \u00e9s innovat\u00edv megold\u00e1sok ny\u00fajt\u00e1s\u00e1ra a rendk\u00edv\u00fcl versenyk\u00e9pes \u00e9s ig\u00e9nyes aut\u00f3iparban. Aktu\u00e1lis \u00e1ll\u00e1saj\u00e1nlatok Szeretne csatlakozni a csapatunkhoz? Csatlakozzon a Grupo Segura \u00e1ll\u00e1sbankj\u00e1hoz, k\u00fcldje el nek\u00fcnk \u00f6n\u00e9letrajz\u00e1t. \u00d6n\u00e9letrajz k\u00fcld\u00e9se<\/p>\n","protected":false},"author":1,"featured_media":5979,"parent":0,"menu_order":0,"comment_status":"closed","ping_status":"closed","template":"page-templates\/home.php","meta":{"_acf_changed":false,"_eb_attr":"","footnotes":""},"class_list":["post-9847","page","type-page","status-publish","has-post-thumbnail","hentry"],"acf":[],"yoast_head":"<!-- This site is optimized with the Yoast SEO plugin v27.4 - https:\/\/yoast.com\/product\/yoast-seo-wordpress\/ -->\n<title>Munka a Grupo Segura-n\u00e1l. Lehet\u0151s\u00e9gek \u00e9s szakmai fejl\u0151d\u00e9s<\/title>\n<meta name=\"description\" content=\"Fokozza karrierj\u00e9t folyamatos k\u00e9pz\u00e9ssel \u00e9s szem\u00e9lyes \u00e9s szakmai fejleszt\u00e9si tervekkel az aut\u00f3ipari szektor egyik vezet\u0151 glob\u00e1lis szervezet\u00e9n\u00e9l.\" \/>\n<meta name=\"robots\" content=\"index, follow, max-snippet:-1, max-image-preview:large, max-video-preview:-1\" \/>\n<link rel=\"canonical\" href=\"https:\/\/www.fsegura.com\/hu\/biztonsagos-munkacsoport\/\" \/>\n<meta property=\"og:locale\" content=\"hu_HU\" \/>\n<meta property=\"og:type\" content=\"article\" \/>\n<meta property=\"og:title\" content=\"Munka a Grupo Segura-n\u00e1l. Lehet\u0151s\u00e9gek \u00e9s szakmai fejl\u0151d\u00e9s\" \/>\n<meta property=\"og:description\" content=\"Fokozza karrierj\u00e9t folyamatos k\u00e9pz\u00e9ssel \u00e9s szem\u00e9lyes \u00e9s szakmai fejleszt\u00e9si tervekkel az aut\u00f3ipari szektor egyik vezet\u0151 glob\u00e1lis szervezet\u00e9n\u00e9l.\" \/>\n<meta property=\"og:url\" content=\"https:\/\/www.fsegura.com\/hu\/biztonsagos-munkacsoport\/\" \/>\n<meta property=\"og:site_name\" content=\"Grupo Segura\" \/>\n<meta property=\"article:modified_time\" content=\"2026-04-01T11:53:52+00:00\" \/>\n<meta property=\"og:image\" content=\"https:\/\/www.fsegura.com\/wp-content\/uploads\/2025\/10\/paterna-oficinas-02-1.jpg\" \/>\n\t<meta property=\"og:image:width\" content=\"609\" \/>\n\t<meta property=\"og:image:height\" content=\"455\" \/>\n\t<meta property=\"og:image:type\" content=\"image\/jpeg\" \/>\n<meta name=\"twitter:card\" content=\"summary_large_image\" \/>\n<meta name=\"twitter:label1\" content=\"Becs\u00fclt olvas\u00e1si id\u0151\" \/>\n\t<meta name=\"twitter:data1\" content=\"1 perc\" \/>\n<script type=\"application\/ld+json\" class=\"yoast-schema-graph\">{\"@context\":\"https:\\\/\\\/schema.org\",\"@graph\":[{\"@type\":\"WebPage\",\"@id\":\"https:\\\/\\\/www.fsegura.com\\\/hu\\\/biztonsagos-munkacsoport\\\/\",\"url\":\"https:\\\/\\\/www.fsegura.com\\\/hu\\\/biztonsagos-munkacsoport\\\/\",\"name\":\"Munka a Grupo Segura-n\u00e1l. Lehet\u0151s\u00e9gek \u00e9s szakmai fejl\u0151d\u00e9s\",\"isPartOf\":{\"@id\":\"https:\\\/\\\/www.fsegura.com\\\/hu\\\/#website\"},\"primaryImageOfPage\":{\"@id\":\"https:\\\/\\\/www.fsegura.com\\\/hu\\\/biztonsagos-munkacsoport\\\/#primaryimage\"},\"image\":{\"@id\":\"https:\\\/\\\/www.fsegura.com\\\/hu\\\/biztonsagos-munkacsoport\\\/#primaryimage\"},\"thumbnailUrl\":\"https:\\\/\\\/www.fsegura.com\\\/wp-content\\\/uploads\\\/2025\\\/10\\\/paterna-oficinas-02-1.jpg\",\"datePublished\":\"2025-11-07T12:02:17+00:00\",\"dateModified\":\"2026-04-01T11:53:52+00:00\",\"description\":\"Fokozza karrierj\u00e9t folyamatos k\u00e9pz\u00e9ssel \u00e9s szem\u00e9lyes \u00e9s szakmai fejleszt\u00e9si tervekkel az aut\u00f3ipari szektor egyik vezet\u0151 glob\u00e1lis szervezet\u00e9n\u00e9l.\",\"breadcrumb\":{\"@id\":\"https:\\\/\\\/www.fsegura.com\\\/hu\\\/biztonsagos-munkacsoport\\\/#breadcrumb\"},\"inLanguage\":\"hu\",\"potentialAction\":[{\"@type\":\"ReadAction\",\"target\":[\"https:\\\/\\\/www.fsegura.com\\\/hu\\\/biztonsagos-munkacsoport\\\/\"]}]},{\"@type\":\"ImageObject\",\"inLanguage\":\"hu\",\"@id\":\"https:\\\/\\\/www.fsegura.com\\\/hu\\\/biztonsagos-munkacsoport\\\/#primaryimage\",\"url\":\"https:\\\/\\\/www.fsegura.com\\\/wp-content\\\/uploads\\\/2025\\\/10\\\/paterna-oficinas-02-1.jpg\",\"contentUrl\":\"https:\\\/\\\/www.fsegura.com\\\/wp-content\\\/uploads\\\/2025\\\/10\\\/paterna-oficinas-02-1.jpg\",\"width\":609,\"height\":455,\"caption\":\"paterna\"},{\"@type\":\"BreadcrumbList\",\"@id\":\"https:\\\/\\\/www.fsegura.com\\\/hu\\\/biztonsagos-munkacsoport\\\/#breadcrumb\",\"itemListElement\":[{\"@type\":\"ListItem\",\"position\":1,\"name\":\"Portada\",\"item\":\"https:\\\/\\\/www.fsegura.com\\\/hu\\\/\"},{\"@type\":\"ListItem\",\"position\":2,\"name\":\"Work at Grupo Segura &#8211; job search engine HU\"}]},{\"@type\":\"WebSite\",\"@id\":\"https:\\\/\\\/www.fsegura.com\\\/hu\\\/#website\",\"url\":\"https:\\\/\\\/www.fsegura.com\\\/hu\\\/\",\"name\":\"Grupo Segura\",\"description\":\"Partner global para componentes de la automoci\u00f3n\",\"publisher\":{\"@id\":\"https:\\\/\\\/www.fsegura.com\\\/hu\\\/#organization\"},\"potentialAction\":[{\"@type\":\"SearchAction\",\"target\":{\"@type\":\"EntryPoint\",\"urlTemplate\":\"https:\\\/\\\/www.fsegura.com\\\/hu\\\/?s={search_term_string}\"},\"query-input\":{\"@type\":\"PropertyValueSpecification\",\"valueRequired\":true,\"valueName\":\"search_term_string\"}}],\"inLanguage\":\"hu\"},{\"@type\":\"Organization\",\"@id\":\"https:\\\/\\\/www.fsegura.com\\\/hu\\\/#organization\",\"name\":\"Grupo Segura\",\"url\":\"https:\\\/\\\/www.fsegura.com\\\/hu\\\/\",\"logo\":{\"@type\":\"ImageObject\",\"inLanguage\":\"hu\",\"@id\":\"https:\\\/\\\/www.fsegura.com\\\/hu\\\/#\\\/schema\\\/logo\\\/image\\\/\",\"url\":\"https:\\\/\\\/www.fsegura.com\\\/wp-content\\\/uploads\\\/2025\\\/09\\\/grupo-segura.jpg\",\"contentUrl\":\"https:\\\/\\\/www.fsegura.com\\\/wp-content\\\/uploads\\\/2025\\\/09\\\/grupo-segura.jpg\",\"width\":458,\"height\":136,\"caption\":\"Grupo Segura\"},\"image\":{\"@id\":\"https:\\\/\\\/www.fsegura.com\\\/hu\\\/#\\\/schema\\\/logo\\\/image\\\/\"}}]}<\/script>\n<!-- \/ Yoast SEO plugin. -->","yoast_head_json":{"title":"Munka a Grupo Segura-n\u00e1l. Lehet\u0151s\u00e9gek \u00e9s szakmai fejl\u0151d\u00e9s","description":"Fokozza karrierj\u00e9t folyamatos k\u00e9pz\u00e9ssel \u00e9s szem\u00e9lyes \u00e9s szakmai fejleszt\u00e9si tervekkel az aut\u00f3ipari szektor egyik vezet\u0151 glob\u00e1lis szervezet\u00e9n\u00e9l.","robots":{"index":"index","follow":"follow","max-snippet":"max-snippet:-1","max-image-preview":"max-image-preview:large","max-video-preview":"max-video-preview:-1"},"canonical":"https:\/\/www.fsegura.com\/hu\/biztonsagos-munkacsoport\/","og_locale":"hu_HU","og_type":"article","og_title":"Munka a Grupo Segura-n\u00e1l. Lehet\u0151s\u00e9gek \u00e9s szakmai fejl\u0151d\u00e9s","og_description":"Fokozza karrierj\u00e9t folyamatos k\u00e9pz\u00e9ssel \u00e9s szem\u00e9lyes \u00e9s szakmai fejleszt\u00e9si tervekkel az aut\u00f3ipari szektor egyik vezet\u0151 glob\u00e1lis szervezet\u00e9n\u00e9l.","og_url":"https:\/\/www.fsegura.com\/hu\/biztonsagos-munkacsoport\/","og_site_name":"Grupo Segura","article_modified_time":"2026-04-01T11:53:52+00:00","og_image":[{"width":609,"height":455,"url":"https:\/\/www.fsegura.com\/wp-content\/uploads\/2025\/10\/paterna-oficinas-02-1.jpg","type":"image\/jpeg"}],"twitter_card":"summary_large_image","twitter_misc":{"Becs\u00fclt olvas\u00e1si id\u0151":"1 perc"},"schema":{"@context":"https:\/\/schema.org","@graph":[{"@type":"WebPage","@id":"https:\/\/www.fsegura.com\/hu\/biztonsagos-munkacsoport\/","url":"https:\/\/www.fsegura.com\/hu\/biztonsagos-munkacsoport\/","name":"Munka a Grupo Segura-n\u00e1l. Lehet\u0151s\u00e9gek \u00e9s szakmai fejl\u0151d\u00e9s","isPartOf":{"@id":"https:\/\/www.fsegura.com\/hu\/#website"},"primaryImageOfPage":{"@id":"https:\/\/www.fsegura.com\/hu\/biztonsagos-munkacsoport\/#primaryimage"},"image":{"@id":"https:\/\/www.fsegura.com\/hu\/biztonsagos-munkacsoport\/#primaryimage"},"thumbnailUrl":"https:\/\/www.fsegura.com\/wp-content\/uploads\/2025\/10\/paterna-oficinas-02-1.jpg","datePublished":"2025-11-07T12:02:17+00:00","dateModified":"2026-04-01T11:53:52+00:00","description":"Fokozza karrierj\u00e9t folyamatos k\u00e9pz\u00e9ssel \u00e9s szem\u00e9lyes \u00e9s szakmai fejleszt\u00e9si tervekkel az aut\u00f3ipari szektor egyik vezet\u0151 glob\u00e1lis szervezet\u00e9n\u00e9l.","breadcrumb":{"@id":"https:\/\/www.fsegura.com\/hu\/biztonsagos-munkacsoport\/#breadcrumb"},"inLanguage":"hu","potentialAction":[{"@type":"ReadAction","target":["https:\/\/www.fsegura.com\/hu\/biztonsagos-munkacsoport\/"]}]},{"@type":"ImageObject","inLanguage":"hu","@id":"https:\/\/www.fsegura.com\/hu\/biztonsagos-munkacsoport\/#primaryimage","url":"https:\/\/www.fsegura.com\/wp-content\/uploads\/2025\/10\/paterna-oficinas-02-1.jpg","contentUrl":"https:\/\/www.fsegura.com\/wp-content\/uploads\/2025\/10\/paterna-oficinas-02-1.jpg","width":609,"height":455,"caption":"paterna"},{"@type":"BreadcrumbList","@id":"https:\/\/www.fsegura.com\/hu\/biztonsagos-munkacsoport\/#breadcrumb","itemListElement":[{"@type":"ListItem","position":1,"name":"Portada","item":"https:\/\/www.fsegura.com\/hu\/"},{"@type":"ListItem","position":2,"name":"Work at Grupo Segura &#8211; job search engine HU"}]},{"@type":"WebSite","@id":"https:\/\/www.fsegura.com\/hu\/#website","url":"https:\/\/www.fsegura.com\/hu\/","name":"Grupo Segura","description":"Partner global para componentes de la automoci\u00f3n","publisher":{"@id":"https:\/\/www.fsegura.com\/hu\/#organization"},"potentialAction":[{"@type":"SearchAction","target":{"@type":"EntryPoint","urlTemplate":"https:\/\/www.fsegura.com\/hu\/?s={search_term_string}"},"query-input":{"@type":"PropertyValueSpecification","valueRequired":true,"valueName":"search_term_string"}}],"inLanguage":"hu"},{"@type":"Organization","@id":"https:\/\/www.fsegura.com\/hu\/#organization","name":"Grupo Segura","url":"https:\/\/www.fsegura.com\/hu\/","logo":{"@type":"ImageObject","inLanguage":"hu","@id":"https:\/\/www.fsegura.com\/hu\/#\/schema\/logo\/image\/","url":"https:\/\/www.fsegura.com\/wp-content\/uploads\/2025\/09\/grupo-segura.jpg","contentUrl":"https:\/\/www.fsegura.com\/wp-content\/uploads\/2025\/09\/grupo-segura.jpg","width":458,"height":136,"caption":"Grupo Segura"},"image":{"@id":"https:\/\/www.fsegura.com\/hu\/#\/schema\/logo\/image\/"}}]}},"_links":{"self":[{"href":"https:\/\/www.fsegura.com\/hu\/wp-json\/wp\/v2\/pages\/9847","targetHints":{"allow":["GET"]}}],"collection":[{"href":"https:\/\/www.fsegura.com\/hu\/wp-json\/wp\/v2\/pages"}],"about":[{"href":"https:\/\/www.fsegura.com\/hu\/wp-json\/wp\/v2\/types\/page"}],"author":[{"embeddable":true,"href":"https:\/\/www.fsegura.com\/hu\/wp-json\/wp\/v2\/users\/1"}],"replies":[{"embeddable":true,"href":"https:\/\/www.fsegura.com\/hu\/wp-json\/wp\/v2\/comments?post=9847"}],"version-history":[{"count":1,"href":"https:\/\/www.fsegura.com\/hu\/wp-json\/wp\/v2\/pages\/9847\/revisions"}],"predecessor-version":[{"id":13609,"href":"https:\/\/www.fsegura.com\/hu\/wp-json\/wp\/v2\/pages\/9847\/revisions\/13609"}],"wp:featuredmedia":[{"embeddable":true,"href":"https:\/\/www.fsegura.com\/hu\/wp-json\/wp\/v2\/media\/5979"}],"wp:attachment":[{"href":"https:\/\/www.fsegura.com\/hu\/wp-json\/wp\/v2\/media?parent=9847"}],"curies":[{"name":"wp","href":"https:\/\/api.w.org\/{rel}","templated":true}]}}